{"id":5713,"date":"2025-11-05T09:26:58","date_gmt":"2025-11-05T09:26:58","guid":{"rendered":"https:\/\/marvelousnutrition.com\/?post_type=product&#038;p=5713"},"modified":"2026-03-15T23:49:11","modified_gmt":"2026-03-15T23:49:11","slug":"omega-3","status":"publish","type":"product","link":"https:\/\/marvelousnutrition.com\/es\/producto\/omega-3\/","title":{"rendered":"Omega 3"},"content":{"rendered":"<h6>Modo de empleo:<\/h6>\n<p>Como complemento diet\u00e9tico, tomar 2 c\u00e1psulas con el desayuno.<\/p>\n<h6>Descripci\u00f3n:<\/h6>\n<p>Marvelous Nutrition Omega-3 es una forma altamente purificada de aceite de pescado, que ofrece la mejor calidad disponible en el mercado con una excelente proporci\u00f3n entre EPA y DHA.<\/p>\n<p>El aceite de pescado contiene dos \u00e1cidos grasos omega-3 esenciales: EPA (\u00e1cido eicosapentaenoico) y DHA (\u00e1cido docosahexaenoico). Proporciona potentes beneficios antiinflamatorios y ayuda a reducir los niveles de triglic\u00e9ridos. Asociado con una mejor salud cardiovascular, niveles m\u00e1s bajos de l\u00edpidos y una menor acumulaci\u00f3n de placa, tambi\u00e9n puede disminuir el riesgo de diabetes y ciertos tipos de c\u00e1ncer.<\/p>\n<p><a href=\"https:\/\/marvelousnutrition.com\/wp-content\/uploads\/2025\/11\/omega-3-gadwel-scaled.png\"><img decoding=\"async\" class=\"alignnone size-medium wp-image-6361\" src=\"https:\/\/marvelousnutrition.com\/wp-content\/uploads\/2025\/11\/omega-3-gadwel-300x119.png\" alt=\"\" width=\"300\" height=\"119\" srcset=\"https:\/\/marvelousnutrition.com\/wp-content\/uploads\/2025\/11\/omega-3-gadwel-300x119.png 300w, https:\/\/marvelousnutrition.com\/wp-content\/uploads\/2025\/11\/omega-3-gadwel-1024x407.png 1024w, https:\/\/marvelousnutrition.com\/wp-content\/uploads\/2025\/11\/omega-3-gadwel-768x305.png 768w, https:\/\/marvelousnutrition.com\/wp-content\/uploads\/2025\/11\/omega-3-gadwel-1536x610.png 1536w, https:\/\/marvelousnutrition.com\/wp-content\/uploads\/2025\/11\/omega-3-gadwel-2048x814.png 2048w, https:\/\/marvelousnutrition.com\/wp-content\/uploads\/2025\/11\/omega-3-gadwel-18x7.png 18w, https:\/\/marvelousnutrition.com\/wp-content\/uploads\/2025\/11\/omega-3-gadwel-800x318.png 800w\" sizes=\"(max-width: 300px) 100vw, 300px\" \/><\/a><\/p>\n<p>&nbsp;<\/p>","protected":false},"excerpt":{"rendered":"<p>Marvelous Nutrition omega3 es una forma altamente purificada de aceite de pescado de la mejor calidad disponible en el mercado con una excelente proporci\u00f3n entre EPA y DHA.<\/p>","protected":false},"featured_media":6216,"comment_status":"closed","ping_status":"closed","template":"","meta":[],"product_cat":[228,230],"product_tag":[],"class_list":{"0":"post-5713","1":"product","2":"type-product","3":"status-publish","4":"has-post-thumbnail","6":"product_cat-old-school","7":"product_cat-organ-support","9":"first","10":"outofstock","11":"shipping-taxable","12":"purchasable","13":"product-type-simple"},"_links":{"self":[{"href":"https:\/\/marvelousnutrition.com\/es\/wp-json\/wp\/v2\/product\/5713","targetHints":{"allow":["GET"]}}],"collection":[{"href":"https:\/\/marvelousnutrition.com\/es\/wp-json\/wp\/v2\/product"}],"about":[{"href":"https:\/\/marvelousnutrition.com\/es\/wp-json\/wp\/v2\/types\/product"}],"replies":[{"embeddable":true,"href":"https:\/\/marvelousnutrition.com\/es\/wp-json\/wp\/v2\/comments?post=5713"}],"wp:featuredmedia":[{"embeddable":true,"href":"https:\/\/marvelousnutrition.com\/es\/wp-json\/wp\/v2\/media\/6216"}],"wp:attachment":[{"href":"https:\/\/marvelousnutrition.com\/es\/wp-json\/wp\/v2\/media?parent=5713"}],"wp:term":[{"taxonomy":"product_cat","embeddable":true,"href":"https:\/\/marvelousnutrition.com\/es\/wp-json\/wp\/v2\/product_cat?post=5713"},{"taxonomy":"product_tag","embeddable":true,"href":"https:\/\/marvelousnutrition.com\/es\/wp-json\/wp\/v2\/product_tag?post=5713"}],"curies":[{"name":"wp","href":"https:\/\/api.w.org\/{rel}","templated":true}]}}