{"id":5712,"date":"2025-11-05T09:26:58","date_gmt":"2025-11-05T09:26:58","guid":{"rendered":"https:\/\/marvelousnutrition.com\/?post_type=product&#038;p=5712"},"modified":"2026-03-15T23:48:14","modified_gmt":"2026-03-15T23:48:14","slug":"h-b-v-c","status":"publish","type":"product","link":"https:\/\/marvelousnutrition.com\/es\/producto\/hbvc\/","title":{"rendered":"HBVC"},"content":{"rendered":"<h6>Ingredientes:<\/h6>\n<p>Extracto seco de bergamota (<em>Bergamia c\u00edtrica<\/em>, fruta), agente de carga: celulosa microcristalina (E-460i), bisglicinato de magnesio, Resveratrol 98% (<em>Polygonum cuspidatum<\/em>, ra\u00edz), extracto de soja fermentada, arroz fermentado con levadura roja (<em>Monascus purpureus<\/em>) valorado en monacolina K, antiaglomerante: sales magn\u00e9sicas de \u00e1cidos grasos (E-470b), extracto seco de salvado de arroz (<em>Oryza sativa L.<\/em>) 90% policosanoles, extracto seco de pimienta negra BioPerine\u00ae (<em>Piper nigrum L.<\/em>, fruta) 95% piperina, menaquinona (vitamina K2 MK-7), colecalciferol (vitamina D), c\u00e1psula (agente de recubrimiento: hidroxipropilmetilcelulosa (E-464)).<\/p>\n<h6>Modo de empleo:<\/h6>\n<p>Tomar 3 c\u00e1psulas con el desayuno.<\/p>\n<p><a href=\"https:\/\/marvelousnutrition.com\/wp-content\/uploads\/2025\/11\/hbvc-gadwel-scaled.png\"><img fetchpriority=\"high\" decoding=\"async\" class=\"alignnone size-medium wp-image-6360\" src=\"https:\/\/marvelousnutrition.com\/wp-content\/uploads\/2025\/11\/hbvc-gadwel-300x196.png\" alt=\"\" width=\"300\" height=\"196\" srcset=\"https:\/\/marvelousnutrition.com\/wp-content\/uploads\/2025\/11\/hbvc-gadwel-300x196.png 300w, https:\/\/marvelousnutrition.com\/wp-content\/uploads\/2025\/11\/hbvc-gadwel-1024x670.png 1024w, https:\/\/marvelousnutrition.com\/wp-content\/uploads\/2025\/11\/hbvc-gadwel-768x502.png 768w, https:\/\/marvelousnutrition.com\/wp-content\/uploads\/2025\/11\/hbvc-gadwel-1536x1005.png 1536w, https:\/\/marvelousnutrition.com\/wp-content\/uploads\/2025\/11\/hbvc-gadwel-2048x1339.png 2048w, https:\/\/marvelousnutrition.com\/wp-content\/uploads\/2025\/11\/hbvc-gadwel-18x12.png 18w, https:\/\/marvelousnutrition.com\/wp-content\/uploads\/2025\/11\/hbvc-gadwel-800x523.png 800w\" sizes=\"(max-width: 300px) 100vw, 300px\" \/><\/a><\/p>","protected":false},"excerpt":{"rendered":"<p>HBVC es un suplemento diet\u00e9tico cuidadosamente formulado, dise\u00f1ado para favorecer la salud y el bienestar general. Su f\u00f3rmula avanzada combina extractos naturales, vitaminas esenciales y nutrientes beneficiosos. Sus ingredientes clave incluyen:<\/p>\n<p>&nbsp;<\/p>\n<p>-Extracto seco de bergamota (Citrus bergamia) para la salud cardiovascular.<\/p>\n<p>-Bisglicinato de magnesio para promover la funci\u00f3n muscular y reducir la fatiga.<\/p>\n<p>-Resveratrol (98%, de Polygonum cuspidatum) como potente antioxidante.<\/p>\n<p>-Extracto de soja fermentado y arroz de levadura roja (rico en monacolina K) para apoyar el control del colesterol.<\/p>\n<p>-Extracto de salvado de arroz (90% Policosanoles) para el metabolismo lip\u00eddico.<\/p>\n<p>-Extracto de pimienta negra BioPerine\u00ae (95% piperina) para mejorar la absorci\u00f3n de nutrientes.<\/p>\n<p>-Vitamina K2 (MK-7) y vitamina D3 (colecalciferol) para la salud de los huesos y el coraz\u00f3n.<\/p>\n<p>Envasado en c\u00e1psulas vegetales, HBVC garantiza una administraci\u00f3n eficaz con excipientes naturales y seguros como celulosa microcristalina y sales de magnesio de \u00e1cidos grasos. Este suplemento est\u00e1 dise\u00f1ado para personas que buscan un enfoque hol\u00edstico de la salud.<\/p>","protected":false},"featured_media":5825,"comment_status":"closed","ping_status":"closed","template":"","meta":[],"product_cat":[229,230],"product_tag":[],"class_list":{"0":"post-5712","1":"product","2":"type-product","3":"status-publish","4":"has-post-thumbnail","6":"product_cat-loaded-ingredients","7":"product_cat-organ-support","9":"first","10":"instock","11":"shipping-taxable","12":"purchasable","13":"product-type-simple"},"_links":{"self":[{"href":"https:\/\/marvelousnutrition.com\/es\/wp-json\/wp\/v2\/product\/5712","targetHints":{"allow":["GET"]}}],"collection":[{"href":"https:\/\/marvelousnutrition.com\/es\/wp-json\/wp\/v2\/product"}],"about":[{"href":"https:\/\/marvelousnutrition.com\/es\/wp-json\/wp\/v2\/types\/product"}],"replies":[{"embeddable":true,"href":"https:\/\/marvelousnutrition.com\/es\/wp-json\/wp\/v2\/comments?post=5712"}],"wp:featuredmedia":[{"embeddable":true,"href":"https:\/\/marvelousnutrition.com\/es\/wp-json\/wp\/v2\/media\/5825"}],"wp:attachment":[{"href":"https:\/\/marvelousnutrition.com\/es\/wp-json\/wp\/v2\/media?parent=5712"}],"wp:term":[{"taxonomy":"product_cat","embeddable":true,"href":"https:\/\/marvelousnutrition.com\/es\/wp-json\/wp\/v2\/product_cat?post=5712"},{"taxonomy":"product_tag","embeddable":true,"href":"https:\/\/marvelousnutrition.com\/es\/wp-json\/wp\/v2\/product_tag?post=5712"}],"curies":[{"name":"wp","href":"https:\/\/api.w.org\/{rel}","templated":true}]}}