{"id":5711,"date":"2025-11-05T09:26:58","date_gmt":"2025-11-05T09:26:58","guid":{"rendered":"https:\/\/marvelousnutrition.com\/?post_type=product&#038;p=5711"},"modified":"2025-12-28T14:01:26","modified_gmt":"2025-12-28T14:01:26","slug":"dr-strong","status":"publish","type":"product","link":"https:\/\/marvelousnutrition.com\/es\/producto\/dr-strong\/","title":{"rendered":"Dr. Strong"},"content":{"rendered":"<h6>Modo de empleo:<\/h6>\n<p>Tomar 4 c\u00e1psulas antes del entrenamiento.<\/p>\n<h6>Descripci\u00f3n:<\/h6>\n<p><strong>Beta ecdisterona<\/strong> Es un compuesto natural \u00fanico y potente que desarrolla m\u00fasculo magro, quema grasa y aumenta la energ\u00eda. Tiene propiedades de desarrollo muscular similares a las de los esteroides anab\u00f3licos, pero con... <strong>SIN efectos secundarios androg\u00e9nicos da\u00f1inos<\/strong>.<\/p>\n<p>Se ha demostrado que la beta-ecdysterona aumenta la masa muscular magra, estimula la s\u00edntesis de prote\u00ednas musculares, reduce la grasa, aumenta el metabolismo y mejora la energ\u00eda y la resistencia, todo ello sin impacto hormonal negativo.<\/p>\n<p>\u2714 SIN efectos secundarios androg\u00e9nicos<br \/>\n\u2714 SIN supresi\u00f3n de testosterona<br \/>\n\u2714 NO conversi\u00f3n a estr\u00f3geno<br \/>\n\u2714 SIN toxicidad hep\u00e1tica<br \/>\n\u2714 NO requiere terapia post-ciclo<\/p>\n<h6>Creatina \u2013 Kre-Alkalyn\u00ae:<\/h6>\n<p>Kre-Alkalyn es una creatina patentada con pH ajustado, dise\u00f1ada para adaptarse a la acidez del sistema digestivo. Esto mantiene la creatina estable, permitiendo que el cuerpo la absorba eficientemente sin necesidad de una fase de carga.<br \/>\nKre-Alkalyn es la \u00fanica creatina que hace <strong>no se convierte en creatinina<\/strong> en l\u00edquidos, lo que la convierte en la forma m\u00e1s segura y estable disponible.<\/p>\n<h6>C-HMB:<\/h6>\n<p>C-HMB ayuda a disminuir la degradaci\u00f3n muscular al mismo tiempo que aumenta la masa muscular magra, mejora la fuerza, la potencia, la resistencia y favorece una recuperaci\u00f3n m\u00e1s r\u00e1pida despu\u00e9s del entrenamiento, una lesi\u00f3n o una enfermedad.<\/p>\n<h6>AstraGin\u00ae:<\/h6>\n<p>AstraGin\u00ae es un compuesto natural 100% patentado que mejora la absorci\u00f3n de nutrientes clave al tiempo que favorece la salud intestinal.<br \/>\nAumenta la absorci\u00f3n de amino\u00e1cidos, vitaminas, minerales y omega-3, lo que hace que cada ingrediente de su f\u00f3rmula funcione de manera m\u00e1s efectiva.<\/p>","protected":false},"excerpt":{"rendered":"<p>How to Use: Take 4 capsules before workout. Description: Beta Ecdysterone is a unique and powerful natural compound that builds lean muscle, burns fat, and increases energy. It carries muscle-building properties similar to anabolic steroids, but with NO harmful androgenic side effects. Beta Ecdysterone has been shown to increase lean muscle mass, stimulate muscle protein [&hellip;]<\/p>\n","protected":false},"featured_media":5863,"comment_status":"closed","ping_status":"closed","template":"","meta":[],"product_cat":[204],"product_tag":[],"class_list":{"0":"post-5711","1":"product","2":"type-product","3":"status-publish","4":"has-post-thumbnail","6":"product_cat-fat-burners-and-diuretics","8":"first","9":"outofstock","10":"shipping-taxable","11":"purchasable","12":"product-type-simple"},"_links":{"self":[{"href":"https:\/\/marvelousnutrition.com\/es\/wp-json\/wp\/v2\/product\/5711","targetHints":{"allow":["GET"]}}],"collection":[{"href":"https:\/\/marvelousnutrition.com\/es\/wp-json\/wp\/v2\/product"}],"about":[{"href":"https:\/\/marvelousnutrition.com\/es\/wp-json\/wp\/v2\/types\/product"}],"replies":[{"embeddable":true,"href":"https:\/\/marvelousnutrition.com\/es\/wp-json\/wp\/v2\/comments?post=5711"}],"wp:featuredmedia":[{"embeddable":true,"href":"https:\/\/marvelousnutrition.com\/es\/wp-json\/wp\/v2\/media\/5863"}],"wp:attachment":[{"href":"https:\/\/marvelousnutrition.com\/es\/wp-json\/wp\/v2\/media?parent=5711"}],"wp:term":[{"taxonomy":"product_cat","embeddable":true,"href":"https:\/\/marvelousnutrition.com\/es\/wp-json\/wp\/v2\/product_cat?post=5711"},{"taxonomy":"product_tag","embeddable":true,"href":"https:\/\/marvelousnutrition.com\/es\/wp-json\/wp\/v2\/product_tag?post=5711"}],"curies":[{"name":"wp","href":"https:\/\/api.w.org\/{rel}","templated":true}]}}