{"id":5710,"date":"2025-11-05T09:26:58","date_gmt":"2025-11-05T09:26:58","guid":{"rendered":"https:\/\/marvelousnutrition.com\/?post_type=product&#038;p=5710"},"modified":"2026-03-15T23:47:19","modified_gmt":"2026-03-15T23:47:19","slug":"calibration","status":"publish","type":"product","link":"https:\/\/marvelousnutrition.com\/es\/producto\/calibracion\/","title":{"rendered":"Calibraci\u00f3n"},"content":{"rendered":"<h6>Ingredientes:<\/h6>\n<p>Extracto seco de astr\u00e1galo (<em>Astr\u00e1galo membran\u00e1ceo<\/em>, ra\u00edz), extracto seco de cardo mariano (<em>Silybum marianum<\/em> (L.) Gaertn., semilla) 80% silimarina y 30% silibina, Agente de carga: celulosa microcristalina (E-460i), Extracto seco de Cordyceps (<em>Cordyceps sinensis<\/em>, micelio), N-acetilciste\u00edna, L-glutati\u00f3n reducido, extracto seco de pino (<em>Pinus pinaster<\/em>, corteza) 95% proantocianidinas, extracto seco de Polygonum (<em>Polygonum cuspidatum<\/em>, ra\u00edz) 98% resveratrol, Antiaglomerante: sales magn\u00e9sicas de \u00e1cidos grasos (E-470b), C\u00e1psula (agente de recubrimiento: hidroxipropilmetilcelulosa (E-464)).<\/p>\n<h6>Modo de empleo:<\/h6>\n<p>Como complemento diet\u00e9tico, tomar 3 c\u00e1psulas al d\u00eda con una comida.<\/p>\n<p><a href=\"https:\/\/marvelousnutrition.com\/wp-content\/uploads\/2025\/11\/calibration-black-gadwel-scaled.png\"><img decoding=\"async\" class=\"alignnone size-medium wp-image-6359\" src=\"https:\/\/marvelousnutrition.com\/wp-content\/uploads\/2025\/11\/calibration-black-gadwel-300x160.png\" alt=\"\" width=\"300\" height=\"160\" srcset=\"https:\/\/marvelousnutrition.com\/wp-content\/uploads\/2025\/11\/calibration-black-gadwel-300x160.png 300w, https:\/\/marvelousnutrition.com\/wp-content\/uploads\/2025\/11\/calibration-black-gadwel-1024x544.png 1024w, https:\/\/marvelousnutrition.com\/wp-content\/uploads\/2025\/11\/calibration-black-gadwel-768x408.png 768w, https:\/\/marvelousnutrition.com\/wp-content\/uploads\/2025\/11\/calibration-black-gadwel-1536x817.png 1536w, https:\/\/marvelousnutrition.com\/wp-content\/uploads\/2025\/11\/calibration-black-gadwel-2048x1089.png 2048w, https:\/\/marvelousnutrition.com\/wp-content\/uploads\/2025\/11\/calibration-black-gadwel-18x10.png 18w, https:\/\/marvelousnutrition.com\/wp-content\/uploads\/2025\/11\/calibration-black-gadwel-800x425.png 800w\" sizes=\"(max-width: 300px) 100vw, 300px\" \/><\/a><\/p>","protected":false},"excerpt":{"rendered":"<p>Calibra tus \u00f3rganos, hazlos sentir como nuevos para un m\u00e1ximo rendimiento. .<\/p>\n<p>Nuestra f\u00f3rmula contiene ingredientes de la mejor calidad para ayudarle a proteger sus \u00f3rganos contra los efectos secundarios de los anab\u00f3licos, los medicamentos, la contaminaci\u00f3n, el alcohol y el estr\u00e9s de la vida diaria.<\/p>\n<p>A lo largo de los a\u00f1os, nuestro cuerpo est\u00e1 expuesto a sustancias t\u00f3xicas que provocan inflamaci\u00f3n de las c\u00e9lulas y, como consecuencia, nuestros \u00f3rganos pueden dejar de funcionar correctamente, lo que puede conllevar un alto riesgo de insuficiencia org\u00e1nica.<\/p>\n<p>Calibration fue dise\u00f1ado para ser tu suplemento diario que te proteja y mantenga tus \u00f3rganos funcionando a la perfecci\u00f3n. .<\/p>\n<h6>\u00bfQui\u00e9n deber\u00eda utilizar la calibraci\u00f3n?<\/h6>\n<p>Cualquier culturista que someta su cuerpo a altos niveles de estr\u00e9s durante la preparaci\u00f3n para una competici\u00f3n o durante el periodo de descanso. Debe utilizarse mientras se toman esteroides. Cualquier persona que consuma muchos medicamentos, como analg\u00e9sicos, o que beba alcohol en exceso.<\/p>","protected":false},"featured_media":5869,"comment_status":"closed","ping_status":"closed","template":"","meta":[],"product_cat":[229,230],"product_tag":[],"class_list":{"0":"post-5710","1":"product","2":"type-product","3":"status-publish","4":"has-post-thumbnail","6":"product_cat-loaded-ingredients","7":"product_cat-organ-support","9":"first","10":"instock","11":"shipping-taxable","12":"purchasable","13":"product-type-simple"},"_links":{"self":[{"href":"https:\/\/marvelousnutrition.com\/es\/wp-json\/wp\/v2\/product\/5710","targetHints":{"allow":["GET"]}}],"collection":[{"href":"https:\/\/marvelousnutrition.com\/es\/wp-json\/wp\/v2\/product"}],"about":[{"href":"https:\/\/marvelousnutrition.com\/es\/wp-json\/wp\/v2\/types\/product"}],"replies":[{"embeddable":true,"href":"https:\/\/marvelousnutrition.com\/es\/wp-json\/wp\/v2\/comments?post=5710"}],"wp:featuredmedia":[{"embeddable":true,"href":"https:\/\/marvelousnutrition.com\/es\/wp-json\/wp\/v2\/media\/5869"}],"wp:attachment":[{"href":"https:\/\/marvelousnutrition.com\/es\/wp-json\/wp\/v2\/media?parent=5710"}],"wp:term":[{"taxonomy":"product_cat","embeddable":true,"href":"https:\/\/marvelousnutrition.com\/es\/wp-json\/wp\/v2\/product_cat?post=5710"},{"taxonomy":"product_tag","embeddable":true,"href":"https:\/\/marvelousnutrition.com\/es\/wp-json\/wp\/v2\/product_tag?post=5710"}],"curies":[{"name":"wp","href":"https:\/\/api.w.org\/{rel}","templated":true}]}}