{"id":5709,"date":"2025-11-05T09:26:58","date_gmt":"2025-11-05T09:26:58","guid":{"rendered":"https:\/\/marvelousnutrition.com\/?post_type=product&#038;p=5709"},"modified":"2025-12-28T14:00:24","modified_gmt":"2025-12-28T14:00:24","slug":"organics","status":"publish","type":"product","link":"https:\/\/marvelousnutrition.com\/es\/producto\/organicos\/","title":{"rendered":"Org\u00e1nicos"},"content":{"rendered":"<h6>Modo de empleo:<\/h6>\n<p>Tomar 15g con el desayuno.<\/p>\n<h6>Descripci\u00f3n:<\/h6>\n<p>Organics es un superalimento compuesto por verduras, fibras y un complejo de vitaminas rojas que ofrece todos los beneficios de los alimentos vegetales integrales y mucho m\u00e1s para impulsar tu estilo de vida activo. Organics est\u00e1 dise\u00f1ado para apoyar el sistema antioxidante, la funci\u00f3n digestiva y la salud inmunitaria del cuerpo, a la vez que proporciona una fuente natural de vitaminas.<\/p>\n<h6>Beneficios del producto:<\/h6>\n<ul>\n<li>Nutrientes antienvejecimiento<\/li>\n<li>Fortalece el sistema inmunol\u00f3gico<\/li>\n<li>Antioxidantes desintoxicantes<\/li>\n<li>Apoya la funci\u00f3n digestiva<\/li>\n<\/ul>\n<h6>Ingredientes:<\/h6>\n<p>Polidextrosa, inulina, polvo de pasto de trigo (Triticum aestivum L., hoja), polvo de pasto de cebada (Hordeum vulgare L., hierba), zanahoria en polvo, calabaza en polvo, remolacha en polvo, jugo de pomelo en polvo, jugo de mandarina en polvo, clorella org\u00e1nica en polvo, apio en polvo, naranja en polvo, manzana en polvo, jugo de granada en polvo, saborizante, espirulina org\u00e1nica en polvo, espinaca en polvo, berenjena en polvo, jud\u00edas verdes en polvo, calabac\u00edn en polvo, extracto seco de escaramujo (Rosa canina L., fruto), extracto seco de naranja (Citrus sinensis (L.) Osbeck, fruto) valorado en bioflavonoides c\u00edtricos, extracto seco de maca (Lepidium meyenii, ra\u00edz), extracto seco de ginseng (Panax ginseng CAMey., hojas), a\u00e7ai org\u00e1nico en polvo, col rizada en polvo y br\u00f3coli en polvo.<\/p>\n<h6>Informaci\u00f3n suplementaria:<\/h6>\n<table style=\"width: 100%; border-collapse: collapse; background-color: #f0f0f0; color: #333; border: 1px solid #ccc;\">\n<tbody>\n<tr>\n<td style=\"text-align: center; font-weight: bold; padding: 8px;\" colspan=\"3\">Porciones por envase: 14 porciones<\/td>\n<\/tr>\n<tr>\n<td style=\"text-align: center; font-weight: bold; padding: 8px;\" colspan=\"3\">Tama\u00f1o de la porci\u00f3n: 15 g<\/td>\n<\/tr>\n<tr style=\"background-color: #d9d9d9; font-weight: bold;\">\n<th style=\"padding: 8px; border: 1px solid #ccc;\">Ingredientes<\/th>\n<th style=\"padding: 8px; border: 1px solid #ccc;\">Cantidad por dosis<\/th>\n<th style=\"padding: 8px; border: 1px solid #ccc;\">VRN<\/th>\n<\/tr>\n<tr>\n<td style=\"padding: 8px; border: 1px solid #ccc;\">Inulina<\/td>\n<td style=\"padding: 8px; border: 1px solid #ccc;\">2 gramos<\/td>\n<td style=\"padding: 8px; border: 1px solid #ccc;\">\u2013<\/td>\n<\/tr>\n<tr>\n<td style=\"padding: 8px; border: 1px solid #ccc;\">Hierba de trigo en polvo<\/td>\n<td style=\"padding: 8px; border: 1px solid #ccc;\">1,5 g<\/td>\n<td style=\"padding: 8px; border: 1px solid #ccc;\">\u2013<\/td>\n<\/tr>\n<tr>\n<td style=\"padding: 8px; border: 1px solid #ccc;\">Hierba de cebada en polvo<\/td>\n<td style=\"padding: 8px; border: 1px solid #ccc;\">1,5 g<\/td>\n<td style=\"padding: 8px; border: 1px solid #ccc;\">\u2013<\/td>\n<\/tr>\n<tr>\n<td style=\"padding: 8px; border: 1px solid #ccc;\">Zanahoria en polvo<\/td>\n<td style=\"padding: 8px; border: 1px solid #ccc;\">600 mg<\/td>\n<td style=\"padding: 8px; border: 1px solid #ccc;\">\u2013<\/td>\n<\/tr>\n<tr>\n<td style=\"padding: 8px; border: 1px solid #ccc;\">Calabaza en polvo<\/td>\n<td style=\"padding: 8px; border: 1px solid #ccc;\">600 mg<\/td>\n<td style=\"padding: 8px; border: 1px solid #ccc;\">\u2013<\/td>\n<\/tr>\n<tr>\n<td style=\"padding: 8px; border: 1px solid #ccc;\">Remolacha en polvo<\/td>\n<td style=\"padding: 8px; border: 1px solid #ccc;\">600 mg<\/td>\n<td style=\"padding: 8px; border: 1px solid #ccc;\">\u2013<\/td>\n<\/tr>\n<tr>\n<td style=\"padding: 8px; border: 1px solid #ccc;\">Chlorella org\u00e1nica en polvo<\/td>\n<td style=\"padding: 8px; border: 1px solid #ccc;\">500 mg<\/td>\n<td style=\"padding: 8px; border: 1px solid #ccc;\">\u2013<\/td>\n<\/tr>\n<tr>\n<td style=\"padding: 8px; border: 1px solid #ccc;\">Apio en polvo<\/td>\n<td style=\"padding: 8px; border: 1px solid #ccc;\">500 mg<\/td>\n<td style=\"padding: 8px; border: 1px solid #ccc;\">\u2013<\/td>\n<\/tr>\n<tr>\n<td style=\"padding: 8px; border: 1px solid #ccc;\">Manzana en polvo<\/td>\n<td style=\"padding: 8px; border: 1px solid #ccc;\">450 mg<\/td>\n<td style=\"padding: 8px; border: 1px solid #ccc;\">\u2013<\/td>\n<\/tr>\n<tr>\n<td style=\"padding: 8px; border: 1px solid #ccc;\">Naranja en polvo<\/td>\n<td style=\"padding: 8px; border: 1px solid #ccc;\">400 mg<\/td>\n<td style=\"padding: 8px; border: 1px solid #ccc;\">\u2013<\/td>\n<\/tr>\n<tr>\n<td style=\"padding: 8px; border: 1px solid #ccc;\">Espirulina org\u00e1nica en polvo<\/td>\n<td style=\"padding: 8px; border: 1px solid #ccc;\">250 mg<\/td>\n<td style=\"padding: 8px; border: 1px solid #ccc;\">\u2013<\/td>\n<\/tr>\n<tr>\n<td style=\"padding: 8px; border: 1px solid #ccc;\">Espinacas en polvo<\/td>\n<td style=\"padding: 8px; border: 1px solid #ccc;\">250 mg<\/td>\n<td style=\"padding: 8px; border: 1px solid #ccc;\">\u2013<\/td>\n<\/tr>\n<tr>\n<td style=\"padding: 8px; border: 1px solid #ccc;\">Berenjena en polvo<\/td>\n<td style=\"padding: 8px; border: 1px solid #ccc;\">250 mg<\/td>\n<td style=\"padding: 8px; border: 1px solid #ccc;\">\u2013<\/td>\n<\/tr>\n<tr>\n<td style=\"padding: 8px; border: 1px solid #ccc;\">Jud\u00edas verdes en polvo<\/td>\n<td style=\"padding: 8px; border: 1px solid #ccc;\">250 mg<\/td>\n<td style=\"padding: 8px; border: 1px solid #ccc;\">\u2013<\/td>\n<\/tr>\n<tr>\n<td style=\"padding: 8px; border: 1px solid #ccc;\">Calabac\u00edn en polvo<\/td>\n<td style=\"padding: 8px; border: 1px solid #ccc;\">250 mg<\/td>\n<td style=\"padding: 8px; border: 1px solid #ccc;\">\u2013<\/td>\n<\/tr>\n<tr>\n<td style=\"padding: 8px; border: 1px solid #ccc;\">Jugo de pomelo en polvo<\/td>\n<td style=\"padding: 8px; border: 1px solid #ccc;\">250 mg<\/td>\n<td style=\"padding: 8px; border: 1px solid #ccc;\">\u2013<\/td>\n<\/tr>\n<tr>\n<td style=\"padding: 8px; border: 1px solid #ccc;\">Jugo de mandarina en polvo<\/td>\n<td style=\"padding: 8px; border: 1px solid #ccc;\">250 mg<\/td>\n<td style=\"padding: 8px; border: 1px solid #ccc;\">\u2013<\/td>\n<\/tr>\n<tr>\n<td style=\"padding: 8px; border: 1px solid #ccc;\">Extracto seco de rosa mosqueta<\/td>\n<td style=\"padding: 8px; border: 1px solid #ccc;\">250 mg<\/td>\n<td style=\"padding: 8px; border: 1px solid #ccc;\">\u2013<\/td>\n<\/tr>\n<tr>\n<td style=\"padding: 8px; border: 1px solid #ccc;\">Extracto seco de naranja<\/td>\n<td style=\"padding: 8px; border: 1px solid #ccc;\">250 mg<\/td>\n<td style=\"padding: 8px; border: 1px solid #ccc;\">\u2013<\/td>\n<\/tr>\n<tr>\n<td style=\"padding: 8px; border: 1px solid #ccc;\">Jugo de granada en polvo<\/td>\n<td style=\"padding: 8px; border: 1px solid #ccc;\">150 mg<\/td>\n<td style=\"padding: 8px; border: 1px solid #ccc;\">\u2013<\/td>\n<\/tr>\n<tr>\n<td style=\"padding: 8px; border: 1px solid #ccc;\">Extracto seco de maca<\/td>\n<td style=\"padding: 8px; border: 1px solid #ccc;\">150 mg<\/td>\n<td style=\"padding: 8px; border: 1px solid #ccc;\">\u2013<\/td>\n<\/tr>\n<tr>\n<td style=\"padding: 8px; border: 1px solid #ccc;\">Extracto seco de ginseng<\/td>\n<td style=\"padding: 8px; border: 1px solid #ccc;\">150 mg<\/td>\n<td style=\"padding: 8px; border: 1px solid #ccc;\">\u2013<\/td>\n<\/tr>\n<tr>\n<td style=\"padding: 8px; border: 1px solid #ccc;\">A\u00e7ai org\u00e1nico en polvo<\/td>\n<td style=\"padding: 8px; border: 1px solid #ccc;\">50 mg<\/td>\n<td style=\"padding: 8px; border: 1px solid #ccc;\">\u2013<\/td>\n<\/tr>\n<tr>\n<td style=\"padding: 8px; border: 1px solid #ccc;\">Col rizada en polvo<\/td>\n<td style=\"padding: 8px; border: 1px solid #ccc;\">15 mg<\/td>\n<td style=\"padding: 8px; border: 1px solid #ccc;\">\u2013<\/td>\n<\/tr>\n<tr>\n<td style=\"padding: 8px; border: 1px solid #ccc;\">Br\u00f3coli en polvo<\/td>\n<td style=\"padding: 8px; border: 1px solid #ccc;\">15 mg<\/td>\n<td style=\"padding: 8px; border: 1px solid #ccc;\">\u2013<\/td>\n<\/tr>\n<\/tbody>\n<\/table>","protected":false},"excerpt":{"rendered":"<p>Organics es un superalimento compuesto de verduras, fibras y un complejo de vitaminas rojas que ofrece todos los beneficios de los alimentos vegetales integrales, y a\u00fan m\u00e1s, para ayudarte a impulsar tu estilo de vida activo. Organics est\u00e1 dise\u00f1ado para apoyar el sistema antioxidante, la funci\u00f3n digestiva y la salud inmunitaria del cuerpo, adem\u00e1s de proporcionarle una fuente natural de vitaminas.<\/p>","protected":false},"featured_media":5846,"comment_status":"closed","ping_status":"closed","template":"","meta":[],"product_cat":[111],"product_tag":[],"class_list":{"0":"post-5709","1":"product","2":"type-product","3":"status-publish","4":"has-post-thumbnail","6":"product_cat-muscle-growth","8":"first","9":"instock","10":"shipping-taxable","11":"purchasable","12":"product-type-variable"},"_links":{"self":[{"href":"https:\/\/marvelousnutrition.com\/es\/wp-json\/wp\/v2\/product\/5709","targetHints":{"allow":["GET"]}}],"collection":[{"href":"https:\/\/marvelousnutrition.com\/es\/wp-json\/wp\/v2\/product"}],"about":[{"href":"https:\/\/marvelousnutrition.com\/es\/wp-json\/wp\/v2\/types\/product"}],"replies":[{"embeddable":true,"href":"https:\/\/marvelousnutrition.com\/es\/wp-json\/wp\/v2\/comments?post=5709"}],"wp:featuredmedia":[{"embeddable":true,"href":"https:\/\/marvelousnutrition.com\/es\/wp-json\/wp\/v2\/media\/5846"}],"wp:attachment":[{"href":"https:\/\/marvelousnutrition.com\/es\/wp-json\/wp\/v2\/media?parent=5709"}],"wp:term":[{"taxonomy":"product_cat","embeddable":true,"href":"https:\/\/marvelousnutrition.com\/es\/wp-json\/wp\/v2\/product_cat?post=5709"},{"taxonomy":"product_tag","embeddable":true,"href":"https:\/\/marvelousnutrition.com\/es\/wp-json\/wp\/v2\/product_tag?post=5709"}],"curies":[{"name":"wp","href":"https:\/\/api.w.org\/{rel}","templated":true}]}}