{"id":5708,"date":"2025-11-05T09:26:58","date_gmt":"2025-11-05T09:26:58","guid":{"rendered":"https:\/\/marvelousnutrition.com\/?post_type=product&#038;p=5708"},"modified":"2025-11-07T10:22:16","modified_gmt":"2025-11-07T10:22:16","slug":"collagen","status":"publish","type":"product","link":"https:\/\/marvelousnutrition.com\/es\/producto\/colageno\/","title":{"rendered":"Col\u00e1geno"},"content":{"rendered":"<h6>Modo de empleo:<\/h6>\n<p>Tomar 11g con el desayuno.<\/p>\n<h6>Descripci\u00f3n:<\/h6>\n<p><strong>Col\u00e1geno<\/strong> Es una prote\u00edna vital que proporciona estructura, fuerza y flexibilidad a nuestro cuerpo. Favorece el movimiento, protege las articulaciones y conecta los tejidos, ayud\u00e1ndonos a mantenernos activos y resilientes. El col\u00e1geno es la prote\u00edna m\u00e1s abundante en el cuerpo humano.<\/p>\n<h6>El col\u00e1geno constituye el 75% de nuestra piel y:<\/h6>\n<ul>\n<li><strong>Proporciona estructura y apoyo.<\/strong><\/li>\n<li><strong>Mantiene la elasticidad<\/strong><\/li>\n<li><strong>Hidrata atrayendo el \u00e1cido hialur\u00f3nico.<\/strong><\/li>\n<\/ul>\n<p>A medida que envejecemos, la s\u00edntesis de col\u00e1geno disminuye y su calidad disminuye, lo que hace que la piel se vuelva m\u00e1s fina, se deshidrate y pierda firmeza.<\/p>\n<p><strong>Resultado:<\/strong> signos visibles del envejecimiento, como arrugas, flacidez y opacidad.<\/p>","protected":false},"excerpt":{"rendered":"<p>El col\u00e1geno es una prote\u00edna. Proporciona a nuestro cuerpo la estructura, la fuerza y la flexibilidad necesarias para movernos en nuestra vida diaria. Nos permite viajar, movernos con libertad, saltar o caer sin lastimarnos. Protege y conecta las partes de nuestro cuerpo para mantenernos en pie. El col\u00e1geno es la prote\u00edna m\u00e1s importante y abundante de nuestro cuerpo.<\/p>","protected":false},"featured_media":5814,"comment_status":"closed","ping_status":"closed","template":"","meta":[],"product_cat":[228],"product_tag":[],"class_list":{"0":"post-5708","1":"product","2":"type-product","3":"status-publish","4":"has-post-thumbnail","6":"product_cat-old-school","8":"first","9":"outofstock","10":"shipping-taxable","11":"product-type-simple"},"_links":{"self":[{"href":"https:\/\/marvelousnutrition.com\/es\/wp-json\/wp\/v2\/product\/5708","targetHints":{"allow":["GET"]}}],"collection":[{"href":"https:\/\/marvelousnutrition.com\/es\/wp-json\/wp\/v2\/product"}],"about":[{"href":"https:\/\/marvelousnutrition.com\/es\/wp-json\/wp\/v2\/types\/product"}],"replies":[{"embeddable":true,"href":"https:\/\/marvelousnutrition.com\/es\/wp-json\/wp\/v2\/comments?post=5708"}],"wp:featuredmedia":[{"embeddable":true,"href":"https:\/\/marvelousnutrition.com\/es\/wp-json\/wp\/v2\/media\/5814"}],"wp:attachment":[{"href":"https:\/\/marvelousnutrition.com\/es\/wp-json\/wp\/v2\/media?parent=5708"}],"wp:term":[{"taxonomy":"product_cat","embeddable":true,"href":"https:\/\/marvelousnutrition.com\/es\/wp-json\/wp\/v2\/product_cat?post=5708"},{"taxonomy":"product_tag","embeddable":true,"href":"https:\/\/marvelousnutrition.com\/es\/wp-json\/wp\/v2\/product_tag?post=5708"}],"curies":[{"name":"wp","href":"https:\/\/api.w.org\/{rel}","templated":true}]}}