{"id":5707,"date":"2025-11-05T09:26:58","date_gmt":"2025-11-05T09:26:58","guid":{"rendered":"https:\/\/marvelousnutrition.com\/?post_type=product&#038;p=5707"},"modified":"2025-12-31T10:52:59","modified_gmt":"2025-12-31T10:52:59","slug":"hyper-trophy","status":"publish","type":"product","link":"https:\/\/marvelousnutrition.com\/es\/producto\/hipertrofeo\/","title":{"rendered":"Hiper trofeo"},"content":{"rendered":"<h6>Modo de empleo:<\/h6>\n<p>Mezclar 1 cacito (30 g) con 300-400 ml de agua fr\u00eda y agitar en\u00e9rgicamente. Tomar una porci\u00f3n inmediatamente despu\u00e9s del entrenamiento o cuando se desee.<\/p>\n<h6>Descripci\u00f3n:<\/h6>\n<p>La mezcla de aislado de prote\u00edna Hyper Trophy proporciona un suero de leche delicioso y de acci\u00f3n r\u00e1pida para a\u00f1adir prote\u00edna adicional para el desarrollo muscular a tu entrenamiento diario. Hyper Trophy Whey tiene un alto valor biol\u00f3gico y perfil de amino\u00e1cidos que estimula la s\u00edntesis de prote\u00ednas, favorece el crecimiento muscular magro, acelera el metabolismo y mejora la recuperaci\u00f3n. Hyper Trophy no contiene mezclas patentadas.<\/p>\n<p>La mezcla Hyper Trophy se compone de:<\/p>\n<ul>\n<li>Aislado de prote\u00edna de suero 100<\/li>\n<li>Aislado de prote\u00edna de leche 90 (aislado de case\u00edna)<\/li>\n<li>Concentrado de prote\u00edna de suero 85<\/li>\n<\/ul>\n<h6>Ingredientes:<\/h6>\n<p>Aislado de prote\u00edna de leche, aislado de prote\u00edna de suero, concentrado de prote\u00edna de suero, L-glicina, cacao en polvo bajo en grasa, saborizante, espesantes (goma guar, goma xantana), cloruro de sodio, edulcorante (sucralosa E955).<\/p>\n<h6>Informaci\u00f3n suplementaria:<\/h6>\n<table style=\"width: 100%; border-collapse: collapse; background-color: #f0f0f0; color: #333; border: 1px solid #ccc;\">\n<tbody>\n<tr>\n<td style=\"text-align: center; font-weight: bold; padding: 8px;\" colspan=\"2\">Porciones por envase: 33 porciones<\/td>\n<\/tr>\n<tr>\n<td style=\"text-align: center; font-weight: bold; padding: 8px;\" colspan=\"2\">Tama\u00f1o de la porci\u00f3n: 30 g<\/td>\n<\/tr>\n<tr style=\"background-color: #d9d9d9; font-weight: bold;\">\n<th style=\"padding: 8px; border: 1px solid #ccc;\">Nutritivo<\/th>\n<th style=\"padding: 8px; border: 1px solid #ccc;\">Cantidad por 30g<\/th>\n<\/tr>\n<tr>\n<td style=\"padding: 8px; border: 1px solid #ccc;\">Valor energ\u00e9tico<\/td>\n<td style=\"padding: 8px; border: 1px solid #ccc;\">114,80 kcal<\/td>\n<\/tr>\n<tr>\n<td style=\"padding: 8px; border: 1px solid #ccc;\">Grasas \u2013 de las cuales saturadas<\/td>\n<td style=\"padding: 8px; border: 1px solid #ccc;\">1,16 g, 0,69 g<\/td>\n<\/tr>\n<tr>\n<td style=\"padding: 8px; border: 1px solid #ccc;\">Carbohidratos \u2013 de los cuales az\u00facares<\/td>\n<td style=\"padding: 8px; border: 1px solid #ccc;\">1,41 g, 0,91 g<\/td>\n<\/tr>\n<tr>\n<td style=\"padding: 8px; border: 1px solid #ccc;\">Prote\u00edna<\/td>\n<td style=\"padding: 8px; border: 1px solid #ccc;\">24,36 g<\/td>\n<\/tr>\n<tr>\n<td style=\"padding: 8px; border: 1px solid #ccc;\">Fibras diet\u00e9ticas<\/td>\n<td style=\"padding: 8px; border: 1px solid #ccc;\">0,64 g<\/td>\n<\/tr>\n<tr>\n<td style=\"padding: 8px; border: 1px solid #ccc;\">Sal<\/td>\n<td style=\"padding: 8px; border: 1px solid #ccc;\">0,32 g<\/td>\n<\/tr>\n<\/tbody>\n<\/table>\n<h6>Amino\u00e1cidos por 100g:<\/h6>\n<table style=\"width: 100%; border-collapse: collapse; background-color: #f9f9f9; color: #333; border: 1px solid #ccc;\">\n<tbody>\n<tr style=\"background-color: #d9d9d9; font-weight: bold;\">\n<th style=\"padding: 8px; border: 1px solid #ccc;\">Amino\u00e1cido<\/th>\n<th style=\"padding: 8px; border: 1px solid #ccc;\">Cantidad<\/th>\n<th style=\"padding: 8px; border: 1px solid #ccc;\">Amino\u00e1cido<\/th>\n<th style=\"padding: 8px; border: 1px solid #ccc;\">Cantidad<\/th>\n<th style=\"padding: 8px; border: 1px solid #ccc;\">Amino\u00e1cido<\/th>\n<th style=\"padding: 8px; border: 1px solid #ccc;\">Cantidad<\/th>\n<\/tr>\n<tr>\n<td style=\"padding: 8px; border: 1px solid #ccc;\">Alanina<\/td>\n<td style=\"padding: 8px; border: 1px solid #ccc;\">4,3 g<\/td>\n<td style=\"padding: 8px; border: 1px solid #ccc;\">Glicina<\/td>\n<td style=\"padding: 8px; border: 1px solid #ccc;\">8,34 g<\/td>\n<td style=\"padding: 8px; border: 1px solid #ccc;\">Lisina<\/td>\n<td style=\"padding: 8px; border: 1px solid #ccc;\">9,08 g<\/td>\n<\/tr>\n<tr>\n<td style=\"padding: 8px; border: 1px solid #ccc;\">Arginina<\/td>\n<td style=\"padding: 8px; border: 1px solid #ccc;\">3,06 g<\/td>\n<td style=\"padding: 8px; border: 1px solid #ccc;\">Histidina<\/td>\n<td style=\"padding: 8px; border: 1px solid #ccc;\">2,28 g<\/td>\n<td style=\"padding: 8px; border: 1px solid #ccc;\">Metionina<\/td>\n<td style=\"padding: 8px; border: 1px solid #ccc;\">2,6 g<\/td>\n<\/tr>\n<tr>\n<td style=\"padding: 8px; border: 1px solid #ccc;\">\u00c1cido asp\u00e1rtico<\/td>\n<td style=\"padding: 8px; border: 1px solid #ccc;\">9,5 g<\/td>\n<td style=\"padding: 8px; border: 1px solid #ccc;\">Iso-leucina<\/td>\n<td style=\"padding: 8px; border: 1px solid #ccc;\">5,84 gramos<\/td>\n<td style=\"padding: 8px; border: 1px solid #ccc;\">fenilalanina<\/td>\n<td style=\"padding: 8px; border: 1px solid #ccc;\">4,15 g<\/td>\n<\/tr>\n<tr>\n<td style=\"padding: 8px; border: 1px solid #ccc;\">Ciste\u00edna<\/td>\n<td style=\"padding: 8px; border: 1px solid #ccc;\">1,25 g<\/td>\n<td style=\"padding: 8px; border: 1px solid #ccc;\">Valina<\/td>\n<td style=\"padding: 8px; border: 1px solid #ccc;\">6,43 g<\/td>\n<td style=\"padding: 8px; border: 1px solid #ccc;\">Prolina<\/td>\n<td style=\"padding: 8px; border: 1px solid #ccc;\">8,24 g<\/td>\n<\/tr>\n<tr>\n<td style=\"padding: 8px; border: 1px solid #ccc;\">\u00c1cido glut\u00e1mico<\/td>\n<td style=\"padding: 8px; border: 1px solid #ccc;\">20,5 g<\/td>\n<td style=\"padding: 8px; border: 1px solid #ccc;\">Leucina<\/td>\n<td style=\"padding: 8px; border: 1px solid #ccc;\">10,35 g<\/td>\n<td style=\"padding: 8px; border: 1px solid #ccc;\">Serina<\/td>\n<td style=\"padding: 8px; border: 1px solid #ccc;\">5,75 g<\/td>\n<\/tr>\n<tr>\n<td style=\"padding: 8px; border: 1px solid #ccc;\">Treonina<\/td>\n<td style=\"padding: 8px; border: 1px solid #ccc;\">6,07 g<\/td>\n<td style=\"padding: 8px; border: 1px solid #ccc;\">Tript\u00f3fano<\/td>\n<td style=\"padding: 8px; border: 1px solid #ccc;\">1,59 g<\/td>\n<td style=\"padding: 8px; border: 1px solid #ccc;\">Tirosina<\/td>\n<td style=\"padding: 8px; border: 1px solid #ccc;\">4,2 g<\/td>\n<\/tr>\n<\/tbody>\n<\/table>","protected":false},"excerpt":{"rendered":"<p>La mezcla de aislado de prote\u00edna Hyper Trophy proporciona un suero de leche delicioso y de acci\u00f3n r\u00e1pida para a\u00f1adir prote\u00edna adicional para el desarrollo muscular a tu entrenamiento diario. El alto valor biol\u00f3gico y perfil de amino\u00e1cidos de Hyper Trophy Whey impulsa la s\u00edntesis de prote\u00ednas, favorece el crecimiento muscular magro, acelera el metabolismo y mejora la recuperaci\u00f3n.<\/p>","protected":false},"featured_media":5838,"comment_status":"closed","ping_status":"closed","template":"","meta":[],"product_cat":[229,200],"product_tag":[],"class_list":{"0":"post-5707","1":"product","2":"type-product","3":"status-publish","4":"has-post-thumbnail","6":"product_cat-loaded-ingredients","7":"product_cat-protein-and-eaa","9":"first","10":"outofstock","11":"shipping-taxable","12":"purchasable","13":"product-type-variable"},"_links":{"self":[{"href":"https:\/\/marvelousnutrition.com\/es\/wp-json\/wp\/v2\/product\/5707","targetHints":{"allow":["GET"]}}],"collection":[{"href":"https:\/\/marvelousnutrition.com\/es\/wp-json\/wp\/v2\/product"}],"about":[{"href":"https:\/\/marvelousnutrition.com\/es\/wp-json\/wp\/v2\/types\/product"}],"replies":[{"embeddable":true,"href":"https:\/\/marvelousnutrition.com\/es\/wp-json\/wp\/v2\/comments?post=5707"}],"wp:featuredmedia":[{"embeddable":true,"href":"https:\/\/marvelousnutrition.com\/es\/wp-json\/wp\/v2\/media\/5838"}],"wp:attachment":[{"href":"https:\/\/marvelousnutrition.com\/es\/wp-json\/wp\/v2\/media?parent=5707"}],"wp:term":[{"taxonomy":"product_cat","embeddable":true,"href":"https:\/\/marvelousnutrition.com\/es\/wp-json\/wp\/v2\/product_cat?post=5707"},{"taxonomy":"product_tag","embeddable":true,"href":"https:\/\/marvelousnutrition.com\/es\/wp-json\/wp\/v2\/product_tag?post=5707"}],"curies":[{"name":"wp","href":"https:\/\/api.w.org\/{rel}","templated":true}]}}