{"id":5706,"date":"2025-11-05T09:26:58","date_gmt":"2025-11-05T09:26:58","guid":{"rendered":"https:\/\/marvelousnutrition.com\/?post_type=product&#038;p=5706"},"modified":"2026-03-15T23:45:39","modified_gmt":"2026-03-15T23:45:39","slug":"glutamine","status":"publish","type":"product","link":"https:\/\/marvelousnutrition.com\/es\/producto\/glutamina\/","title":{"rendered":"La glutamina"},"content":{"rendered":"<h6>Ingredientes:<\/h6>\n<p>L-Glutamina (99.9%)<\/p>\n<h6>Modo de empleo:<\/h6>\n<p>Tomar 5g despu\u00e9s del entrenamiento.<\/p>\n<h6>Descripci\u00f3n:<\/h6>\n<p>La glutamina es uno de los amino\u00e1cidos m\u00e1s abundantes en el cuerpo humano. Se considera un amino\u00e1cido condicionalmente esencial, lo que significa que el cuerpo puede producirlo de forma natural, pero en momentos de estr\u00e9s f\u00edsico extremo (como un entrenamiento intenso), su producci\u00f3n puede no satisfacer las necesidades del cuerpo.<\/p>\n<p>La suplementaci\u00f3n con L-Glutamina favorece la recuperaci\u00f3n muscular, reduce el dolor muscular y fortalece el sistema inmunitario. Adem\u00e1s, favorece el metabolismo proteico y la eliminaci\u00f3n del \u00e1cido l\u00e1ctico, lo que favorece una mejor recuperaci\u00f3n y un mejor rendimiento.<\/p>\n<h6>Beneficios del producto:<\/h6>\n<p><strong>\u2013 Ayuda a reparar y recuperarse del entrenamiento intenso.<\/strong><br \/>\n<strong>\u2013 Protege los m\u00fasculos del deterioro.<\/strong><br \/>\n<strong>\u2013 Favorece la salud digestiva e intestinal.<\/strong><br \/>\n<strong>\u2013 Fortalece el sistema inmunol\u00f3gico<\/strong><\/p>\n<p><a href=\"https:\/\/marvelousnutrition.com\/wp-content\/uploads\/2025\/11\/glutmine-gadwel-scaled.png\"><img decoding=\"async\" class=\"alignnone size-medium wp-image-6358\" src=\"https:\/\/marvelousnutrition.com\/wp-content\/uploads\/2025\/11\/glutmine-gadwel-300x46.png\" alt=\"\" width=\"300\" height=\"46\" srcset=\"https:\/\/marvelousnutrition.com\/wp-content\/uploads\/2025\/11\/glutmine-gadwel-300x46.png 300w, https:\/\/marvelousnutrition.com\/wp-content\/uploads\/2025\/11\/glutmine-gadwel-1024x156.png 1024w, https:\/\/marvelousnutrition.com\/wp-content\/uploads\/2025\/11\/glutmine-gadwel-768x117.png 768w, https:\/\/marvelousnutrition.com\/wp-content\/uploads\/2025\/11\/glutmine-gadwel-1536x233.png 1536w, https:\/\/marvelousnutrition.com\/wp-content\/uploads\/2025\/11\/glutmine-gadwel-2048x311.png 2048w, https:\/\/marvelousnutrition.com\/wp-content\/uploads\/2025\/11\/glutmine-gadwel-18x3.png 18w, https:\/\/marvelousnutrition.com\/wp-content\/uploads\/2025\/11\/glutmine-gadwel-800x122.png 800w\" sizes=\"(max-width: 300px) 100vw, 300px\" \/><\/a><\/p>","protected":false},"excerpt":{"rendered":"<p>La glutamina es uno de los amino\u00e1cidos m\u00e1s abundantes en el cuerpo. Se le denomina amino\u00e1cido condicionalmente esencial, lo que significa que el cuerpo puede producir glutamina por s\u00ed solo, pero en momentos de estr\u00e9s extremo (como despu\u00e9s de un entrenamiento intenso), el cuerpo no puede producir suficiente y podr\u00eda beneficiarse de suplementos de glutamina.<\/p>","protected":false},"featured_media":5824,"comment_status":"closed","ping_status":"closed","template":"","meta":[],"product_cat":[134,228,201],"product_tag":[],"class_list":{"0":"post-5706","1":"product","2":"type-product","3":"status-publish","4":"has-post-thumbnail","6":"product_cat-amino-acid","7":"product_cat-old-school","8":"product_cat-recovery-and-muscle-building","10":"first","11":"instock","12":"shipping-taxable","13":"purchasable","14":"product-type-simple"},"_links":{"self":[{"href":"https:\/\/marvelousnutrition.com\/es\/wp-json\/wp\/v2\/product\/5706","targetHints":{"allow":["GET"]}}],"collection":[{"href":"https:\/\/marvelousnutrition.com\/es\/wp-json\/wp\/v2\/product"}],"about":[{"href":"https:\/\/marvelousnutrition.com\/es\/wp-json\/wp\/v2\/types\/product"}],"replies":[{"embeddable":true,"href":"https:\/\/marvelousnutrition.com\/es\/wp-json\/wp\/v2\/comments?post=5706"}],"wp:featuredmedia":[{"embeddable":true,"href":"https:\/\/marvelousnutrition.com\/es\/wp-json\/wp\/v2\/media\/5824"}],"wp:attachment":[{"href":"https:\/\/marvelousnutrition.com\/es\/wp-json\/wp\/v2\/media?parent=5706"}],"wp:term":[{"taxonomy":"product_cat","embeddable":true,"href":"https:\/\/marvelousnutrition.com\/es\/wp-json\/wp\/v2\/product_cat?post=5706"},{"taxonomy":"product_tag","embeddable":true,"href":"https:\/\/marvelousnutrition.com\/es\/wp-json\/wp\/v2\/product_tag?post=5706"}],"curies":[{"name":"wp","href":"https:\/\/api.w.org\/{rel}","templated":true}]}}