{"id":5704,"date":"2025-11-05T09:26:58","date_gmt":"2025-11-05T09:26:58","guid":{"rendered":"https:\/\/marvelousnutrition.com\/?post_type=product&#038;p=5704"},"modified":"2026-03-15T23:43:12","modified_gmt":"2026-03-15T23:43:12","slug":"big","status":"publish","type":"product","link":"https:\/\/marvelousnutrition.com\/es\/producto\/grande\/","title":{"rendered":"Grande"},"content":{"rendered":"<h6>Ingredientes:<\/h6>\n<p>Maltodextrina, concentrado de prote\u00edna de suero, saborizante, espesantes (goma guar, goma xantana), cloruro de sodio, edulcorante (sucralosa E955).<\/p>\n<h6>Modo de empleo:<\/h6>\n<p>Mezclar 2 cucharadas (100g) con 300\u2013400 ml de agua fr\u00eda y agitar en\u00e9rgicamente.<br \/>\nTome una porci\u00f3n inmediatamente despu\u00e9s del entrenamiento o en cualquier momento que lo desee.<\/p>\n<p><a href=\"https:\/\/marvelousnutrition.com\/wp-content\/uploads\/2025\/11\/big-gadwel-2-scaled.png\"><img fetchpriority=\"high\" decoding=\"async\" class=\"alignnone size-medium wp-image-6352\" src=\"https:\/\/marvelousnutrition.com\/wp-content\/uploads\/2025\/11\/big-gadwel-2-245x300.png\" alt=\"\" width=\"245\" height=\"300\" srcset=\"https:\/\/marvelousnutrition.com\/wp-content\/uploads\/2025\/11\/big-gadwel-2-245x300.png 245w, https:\/\/marvelousnutrition.com\/wp-content\/uploads\/2025\/11\/big-gadwel-2-837x1024.png 837w, https:\/\/marvelousnutrition.com\/wp-content\/uploads\/2025\/11\/big-gadwel-2-768x939.png 768w, https:\/\/marvelousnutrition.com\/wp-content\/uploads\/2025\/11\/big-gadwel-2-1256x1536.png 1256w, https:\/\/marvelousnutrition.com\/wp-content\/uploads\/2025\/11\/big-gadwel-2-1675x2048.png 1675w, https:\/\/marvelousnutrition.com\/wp-content\/uploads\/2025\/11\/big-gadwel-2-10x12.png 10w, https:\/\/marvelousnutrition.com\/wp-content\/uploads\/2025\/11\/big-gadwel-2-800x978.png 800w\" sizes=\"(max-width: 245px) 100vw, 245px\" \/><\/a> <a href=\"https:\/\/marvelousnutrition.com\/wp-content\/uploads\/2025\/11\/big-gadwel-1-scaled.png\"><img decoding=\"async\" class=\"alignnone size-medium wp-image-6353\" src=\"https:\/\/marvelousnutrition.com\/wp-content\/uploads\/2025\/11\/big-gadwel-1-300x156.png\" alt=\"\" width=\"300\" height=\"156\" srcset=\"https:\/\/marvelousnutrition.com\/wp-content\/uploads\/2025\/11\/big-gadwel-1-300x156.png 300w, https:\/\/marvelousnutrition.com\/wp-content\/uploads\/2025\/11\/big-gadwel-1-1024x531.png 1024w, https:\/\/marvelousnutrition.com\/wp-content\/uploads\/2025\/11\/big-gadwel-1-768x398.png 768w, https:\/\/marvelousnutrition.com\/wp-content\/uploads\/2025\/11\/big-gadwel-1-1536x797.png 1536w, https:\/\/marvelousnutrition.com\/wp-content\/uploads\/2025\/11\/big-gadwel-1-2048x1062.png 2048w, https:\/\/marvelousnutrition.com\/wp-content\/uploads\/2025\/11\/big-gadwel-1-18x9.png 18w, https:\/\/marvelousnutrition.com\/wp-content\/uploads\/2025\/11\/big-gadwel-1-800x415.png 800w\" sizes=\"(max-width: 300px) 100vw, 300px\" \/><\/a><\/p>","protected":false},"excerpt":{"rendered":"<p>Big es el ganador de peso que todos necesitan para ganar masa muscular magra mientras aumentan su tama\u00f1o, sin ganar grasa. Es la proporci\u00f3n ideal entre concentrado de prote\u00edna de suero de alto valor biol\u00f3gico 85 y una fuente de carbohidratos limpios, baja en grasas y az\u00facares. A diferencia de otros productos ricos en amino\u00e1cidos (picos de amino\u00e1cidos) y az\u00facares, BIG es bajo en grasas y colesterol, y no contiene az\u00facares a\u00f1adidos. Solo usamos ingredientes premium que funcionan. \u00a1Hazte GRANDE con BIG!<\/p>","protected":false},"featured_media":5870,"comment_status":"closed","ping_status":"closed","template":"","meta":[],"product_cat":[198,229,200],"product_tag":[],"class_list":{"0":"post-5704","1":"product","2":"type-product","3":"status-publish","4":"has-post-thumbnail","6":"product_cat-carbohydrates-and-weight-gainer","7":"product_cat-loaded-ingredients","8":"product_cat-protein-and-eaa","10":"first","11":"instock","12":"shipping-taxable","13":"purchasable","14":"product-type-variable"},"_links":{"self":[{"href":"https:\/\/marvelousnutrition.com\/es\/wp-json\/wp\/v2\/product\/5704","targetHints":{"allow":["GET"]}}],"collection":[{"href":"https:\/\/marvelousnutrition.com\/es\/wp-json\/wp\/v2\/product"}],"about":[{"href":"https:\/\/marvelousnutrition.com\/es\/wp-json\/wp\/v2\/types\/product"}],"replies":[{"embeddable":true,"href":"https:\/\/marvelousnutrition.com\/es\/wp-json\/wp\/v2\/comments?post=5704"}],"wp:featuredmedia":[{"embeddable":true,"href":"https:\/\/marvelousnutrition.com\/es\/wp-json\/wp\/v2\/media\/5870"}],"wp:attachment":[{"href":"https:\/\/marvelousnutrition.com\/es\/wp-json\/wp\/v2\/media?parent=5704"}],"wp:term":[{"taxonomy":"product_cat","embeddable":true,"href":"https:\/\/marvelousnutrition.com\/es\/wp-json\/wp\/v2\/product_cat?post=5704"},{"taxonomy":"product_tag","embeddable":true,"href":"https:\/\/marvelousnutrition.com\/es\/wp-json\/wp\/v2\/product_tag?post=5704"}],"curies":[{"name":"wp","href":"https:\/\/api.w.org\/{rel}","templated":true}]}}