{"id":5703,"date":"2025-11-05T09:26:58","date_gmt":"2025-11-05T09:26:58","guid":{"rendered":"https:\/\/marvelousnutrition.com\/?post_type=product&#038;p=5703"},"modified":"2025-11-07T09:50:05","modified_gmt":"2025-11-07T09:50:05","slug":"arginine","status":"publish","type":"product","link":"https:\/\/marvelousnutrition.com\/es\/producto\/arginina\/","title":{"rendered":"Arginina"},"content":{"rendered":"<h6>Modo de empleo:<\/h6>\n<p>Toma 4 g 30 minutos antes del entrenamiento. Puedes mezclarlo con tu preentrenamiento Experiment para maximizar los efectos.<\/p>\n<h6>Descripci\u00f3n:<\/h6>\n<p>Nuestra arginina es un amino\u00e1cido no esencial elaborado con ingredientes de alta calidad que intervienen en diversas \u00e1reas de la bioqu\u00edmica humana, como el metabolismo muscular, la secreci\u00f3n hormonal, la desintoxicaci\u00f3n de amon\u00edaco y el sistema inmunitario. La arginina promueve la producci\u00f3n de \u00f3xido n\u00edtrico, lo que favorece la circulaci\u00f3n y la funci\u00f3n muscular.<\/p>\n<h6>Beneficios del producto:<\/h6>\n<ul>\n<li><strong>Favorece la s\u00edntesis de prote\u00ednas.<\/strong><\/li>\n<li><strong>Aumenta el flujo sangu\u00edneo al tejido muscular.<\/strong><\/li>\n<li><strong>Mejora la salud circulatoria.<\/strong><\/li>\n<li><strong>Aumenta los niveles de \u00f3xido n\u00edtrico.<\/strong><\/li>\n<li><strong>Puede aumentar los niveles de la hormona del crecimiento (GH).<\/strong><\/li>\n<\/ul>\n<h6>Ingredientes:<\/h6>\n<p>L-arginina<\/p>\n<h6>Informaci\u00f3n suplementaria:<\/h6>\n<table style=\"width:100%; border-collapse: collapse; background-color: #f0f0f0; color: #333; border: 1px solid #ccc;\">\n<tr>\n<td colspan=\"3\" style=\"text-align:center; font-weight:bold; padding: 8px;\">Porciones por envase: 75 porciones<\/td>\n<\/tr>\n<tr>\n<td colspan=\"3\" style=\"text-align:center; font-weight:bold; padding: 8px;\">Tama\u00f1o de la porci\u00f3n: 4 g<\/td>\n<\/tr>\n<tr style=\"background-color: #d9d9d9; font-weight:bold;\">\n<th style=\"padding: 8px; border: 1px solid #ccc;\">Ingredientes<\/th>\n<th style=\"padding: 8px; border: 1px solid #ccc;\">Cantidad por dosis<\/th>\n<th style=\"padding: 8px; border: 1px solid #ccc;\">VRN<\/th>\n<\/tr>\n<tr>\n<td style=\"padding: 8px; border: 1px solid #ccc;\">L-arginina<\/td>\n<td style=\"padding: 8px; border: 1px solid #ccc;\">4000 mg<\/td>\n<td style=\"padding: 8px; border: 1px solid #ccc;\">\u2013<\/td>\n<\/tr>\n<\/table>","protected":false},"excerpt":{"rendered":"<p>Nuestra arginina es un amino\u00e1cido no esencial elaborado con ingredientes de alta calidad que interviene en diversas \u00e1reas de la bioqu\u00edmica humana, como el metabolismo muscular, la secreci\u00f3n hormonal, la desintoxicaci\u00f3n de amon\u00edaco y el sistema inmunitario. La arginina promueve la producci\u00f3n de \u00f3xido n\u00edtrico, lo que favorece la circulaci\u00f3n y la musculatura.<\/p>","protected":false},"featured_media":5860,"comment_status":"closed","ping_status":"closed","template":"","meta":[],"product_cat":[197,134,228],"product_tag":[],"class_list":{"0":"post-5703","1":"product","2":"type-product","3":"status-publish","4":"has-post-thumbnail","6":"product_cat-all-products","7":"product_cat-amino-acid","8":"product_cat-old-school","10":"first","11":"instock","12":"shipping-taxable","13":"purchasable","14":"product-type-simple"},"_links":{"self":[{"href":"https:\/\/marvelousnutrition.com\/es\/wp-json\/wp\/v2\/product\/5703","targetHints":{"allow":["GET"]}}],"collection":[{"href":"https:\/\/marvelousnutrition.com\/es\/wp-json\/wp\/v2\/product"}],"about":[{"href":"https:\/\/marvelousnutrition.com\/es\/wp-json\/wp\/v2\/types\/product"}],"replies":[{"embeddable":true,"href":"https:\/\/marvelousnutrition.com\/es\/wp-json\/wp\/v2\/comments?post=5703"}],"wp:featuredmedia":[{"embeddable":true,"href":"https:\/\/marvelousnutrition.com\/es\/wp-json\/wp\/v2\/media\/5860"}],"wp:attachment":[{"href":"https:\/\/marvelousnutrition.com\/es\/wp-json\/wp\/v2\/media?parent=5703"}],"wp:term":[{"taxonomy":"product_cat","embeddable":true,"href":"https:\/\/marvelousnutrition.com\/es\/wp-json\/wp\/v2\/product_cat?post=5703"},{"taxonomy":"product_tag","embeddable":true,"href":"https:\/\/marvelousnutrition.com\/es\/wp-json\/wp\/v2\/product_tag?post=5703"}],"curies":[{"name":"wp","href":"https:\/\/api.w.org\/{rel}","templated":true}]}}