{"id":5693,"date":"2025-11-05T09:26:54","date_gmt":"2025-11-05T09:26:54","guid":{"rendered":"https:\/\/marvelousnutrition.com\/?post_type=product&#038;p=5693"},"modified":"2026-03-15T23:53:12","modified_gmt":"2026-03-15T23:53:12","slug":"maze","status":"publish","type":"product","link":"https:\/\/marvelousnutrition.com\/es\/producto\/laberinto\/","title":{"rendered":"Laberinto"},"content":{"rendered":"<h6>Introducci\u00f3n del producto:<\/h6>\n<p><strong>Amino\u00e1cidos premium de Maze<\/strong> \u00a1Resolver\u00e1 el misterio del aumento muscular como ning\u00fan otro! Ahora puedes crecer todo el d\u00eda.<\/p>\n<p>Esta es la combinaci\u00f3n perfecta de amino\u00e1cidos esenciales (EAA) y componentes innovadores adecuados para usar antes, durante y despu\u00e9s de los entrenamientos, dise\u00f1ados para brindarles a tus m\u00fasculos la m\u00e1xima ventaja.<\/p>\n<p>Los amino\u00e1cidos de cadena ramificada (BCAA) se\u00f1alan la s\u00edntesis de prote\u00ednas musculares, pero el crecimiento est\u00e1 incompleto sin los nueve amino\u00e1cidos esenciales (EAA), que el cuerpo necesita pero no puede producir por s\u00ed solo.<\/p>\n<h6>Beneficios del producto:<\/h6>\n<ul>\n<li><strong>Promueve la producci\u00f3n de m\u00fasculo magro<\/strong><\/li>\n<li><strong>Aumenta la capacidad anab\u00f3lica<\/strong><\/li>\n<li><strong>Proporciona ganancias excepcionales en m\u00fasculo y fuerza, sin los efectos secundarios negativos de los esteroides o prohormonas.<\/strong><\/li>\n<li><strong>Preserva los m\u00fasculos durante entrenamientos y dietas de alta intensidad.<\/strong><\/li>\n<li><strong>Ayuda a quemar grasa<\/strong><\/li>\n<li><strong>Elimina el exceso de amon\u00edaco y toxinas del cuerpo.<\/strong><\/li>\n<li><strong>Aumenta la respuesta del sistema inmunol\u00f3gico<\/strong><\/li>\n<\/ul>\n<h6>La ciencia detr\u00e1s de la f\u00f3rmula:<\/h6>\n<ul>\n<li><strong>Leucina:<\/strong> El amino\u00e1cido m\u00e1s poderoso para estimular la s\u00edntesis de prote\u00ednas del m\u00fasculo esquel\u00e9tico a trav\u00e9s de la v\u00eda mTOR.<\/li>\n<li><strong>Fenilalanina:<\/strong> Un precursor de la tirosina, que favorece la producci\u00f3n de dopamina, noradrenalina y epinefrina.<\/li>\n<li><strong>Lisina:<\/strong> Un componente vital de las prote\u00ednas musculares; ayuda a la absorci\u00f3n de calcio, mejora la recuperaci\u00f3n y favorece la producci\u00f3n de hormonas, enzimas y anticuerpos.<\/li>\n<li><strong>Valina:<\/strong> Esencial para el metabolismo, la reparaci\u00f3n y el crecimiento muscular, manteniendo el equilibrio de nitr\u00f3geno en el cuerpo.<\/li>\n<li><strong>Treonina:<\/strong> Un componente clave del col\u00e1geno, la elastina y las prote\u00ednas del esmalte; favorece la digesti\u00f3n, la salud intestinal y el sistema inmunitario. Se convierte en glicina, lo que ayuda a reducir los espasmos musculares no deseados.<\/li>\n<li><strong>Isoleucina:<\/strong> Promueve la recuperaci\u00f3n muscular, ayuda a formar hemoglobina y favorece la regulaci\u00f3n del az\u00facar en sangre y los niveles de energ\u00eda.<\/li>\n<li><strong>Histidina:<\/strong> Crucial para el crecimiento y reparaci\u00f3n del tejido muscular, favorece la protecci\u00f3n nerviosa, ayuda a la producci\u00f3n de gl\u00f3bulos rojos y blancos y promueve la digesti\u00f3n a trav\u00e9s de la formaci\u00f3n de jugo g\u00e1strico.<\/li>\n<li><strong>Metionina:<\/strong> Act\u00faa como un potente antioxidante, ayuda al metabolismo de las grasas, favorece la digesti\u00f3n y desintoxica el h\u00edgado.<\/li>\n<li><strong>L-Ornitina:<\/strong> Desempe\u00f1a un papel clave en el ciclo de la urea al ayudar al cuerpo a eliminar el amon\u00edaco t\u00f3xico (NH3) mediante la conversi\u00f3n a urea, que luego se excreta en la orina.<\/li>\n<li><strong>L-Carnitina L-Tartrato:<\/strong> Un amino\u00e1cido condicionalmente esencial que ayuda a convertir la grasa en energ\u00eda. Favorece la salud muscular, card\u00edaca y cerebral. El L-tartrato potencia la actividad antioxidante y act\u00faa como regulador de la acidez.<\/li>\n<li><strong>L-Glutamina:<\/strong> El amino\u00e1cido m\u00e1s abundante en el cuerpo, que representa m\u00e1s de 601 TP3T de amino\u00e1cidos libres en el m\u00fasculo esquel\u00e9tico. Tras un ejercicio intenso, los niveles de glutamina pueden disminuir hasta en 501 TP3T. La suplementaci\u00f3n minimiza la degradaci\u00f3n muscular, mejora el metabolismo proteico, favorece la salud inmunitaria y mantiene la salud intestinal para una absorci\u00f3n y un rendimiento \u00f3ptimos de nutrientes.<\/li>\n<\/ul>\n<p><a href=\"https:\/\/marvelousnutrition.com\/wp-content\/uploads\/2025\/11\/maze-gadwel-scaled.png\"><img fetchpriority=\"high\" decoding=\"async\" class=\"alignnone size-medium wp-image-6366\" src=\"https:\/\/marvelousnutrition.com\/wp-content\/uploads\/2025\/11\/maze-gadwel-300x225.png\" alt=\"\" width=\"300\" height=\"225\" srcset=\"https:\/\/marvelousnutrition.com\/wp-content\/uploads\/2025\/11\/maze-gadwel-300x225.png 300w, https:\/\/marvelousnutrition.com\/wp-content\/uploads\/2025\/11\/maze-gadwel-1024x768.png 1024w, https:\/\/marvelousnutrition.com\/wp-content\/uploads\/2025\/11\/maze-gadwel-768x576.png 768w, https:\/\/marvelousnutrition.com\/wp-content\/uploads\/2025\/11\/maze-gadwel-1536x1152.png 1536w, https:\/\/marvelousnutrition.com\/wp-content\/uploads\/2025\/11\/maze-gadwel-2048x1536.png 2048w, https:\/\/marvelousnutrition.com\/wp-content\/uploads\/2025\/11\/maze-gadwel-16x12.png 16w, https:\/\/marvelousnutrition.com\/wp-content\/uploads\/2025\/11\/maze-gadwel-800x600.png 800w\" sizes=\"(max-width: 300px) 100vw, 300px\" \/><\/a><\/p>","protected":false},"excerpt":{"rendered":"<p>\u00a1Maze Premium Aminos te ayudar\u00e1 a descubrir el secreto del aumento muscular como ning\u00fan otro! Ahora puedes crecer todo el d\u00eda.<br \/>\nLa combinaci\u00f3n perfecta de amino\u00e1cidos esenciales y componentes extra innovadores adecuados para usar antes, durante y despu\u00e9s de los entrenamientos para darle una ventaja a tus m\u00fasculos.<\/p>","protected":false},"featured_media":5818,"comment_status":"closed","ping_status":"closed","template":"","meta":[],"product_cat":[134,199,200,201],"product_tag":[202],"class_list":{"0":"post-5693","1":"product","2":"type-product","3":"status-publish","4":"has-post-thumbnail","6":"product_cat-amino-acid","7":"product_cat-marvelous-originals","8":"product_cat-protein-and-eaa","9":"product_cat-recovery-and-muscle-building","10":"product_tag-top-selling","12":"first","13":"instock","14":"shipping-taxable","15":"purchasable","16":"product-type-variable"},"_links":{"self":[{"href":"https:\/\/marvelousnutrition.com\/es\/wp-json\/wp\/v2\/product\/5693","targetHints":{"allow":["GET"]}}],"collection":[{"href":"https:\/\/marvelousnutrition.com\/es\/wp-json\/wp\/v2\/product"}],"about":[{"href":"https:\/\/marvelousnutrition.com\/es\/wp-json\/wp\/v2\/types\/product"}],"replies":[{"embeddable":true,"href":"https:\/\/marvelousnutrition.com\/es\/wp-json\/wp\/v2\/comments?post=5693"}],"wp:featuredmedia":[{"embeddable":true,"href":"https:\/\/marvelousnutrition.com\/es\/wp-json\/wp\/v2\/media\/5818"}],"wp:attachment":[{"href":"https:\/\/marvelousnutrition.com\/es\/wp-json\/wp\/v2\/media?parent=5693"}],"wp:term":[{"taxonomy":"product_cat","embeddable":true,"href":"https:\/\/marvelousnutrition.com\/es\/wp-json\/wp\/v2\/product_cat?post=5693"},{"taxonomy":"product_tag","embeddable":true,"href":"https:\/\/marvelousnutrition.com\/es\/wp-json\/wp\/v2\/product_tag?post=5693"}],"curies":[{"name":"wp","href":"https:\/\/api.w.org\/{rel}","templated":true}]}}