{"id":5692,"date":"2025-11-05T09:26:54","date_gmt":"2025-11-05T09:26:54","guid":{"rendered":"https:\/\/marvelousnutrition.com\/?post_type=product&#038;p=5692"},"modified":"2026-03-15T23:52:12","modified_gmt":"2026-03-15T23:52:12","slug":"recharge","status":"publish","type":"product","link":"https:\/\/marvelousnutrition.com\/es\/producto\/recargar\/","title":{"rendered":"Recarga"},"content":{"rendered":"<h6>Introducci\u00f3n del producto:<\/h6>\n<p><strong>\u00a1Aumenta tu masa muscular, l\u00edmpiala y adelgaza!<\/strong><\/p>\n<p>Recharge es una f\u00f3rmula \u00fanica elaborada con ingredientes cient\u00edficamente probados que imitan la insulina, un agente de eliminaci\u00f3n de glucosa (GDA) de alta gama dise\u00f1ado para ayudar a convertir la ingesta de carbohidratos en combustible muscular en lugar de grasa corporal. La insulina es una hormona potente tanto para el desarrollo muscular como para la p\u00e9rdida de grasa.<\/p>\n<p>Recharge es un suplemento muy popular porque permite desarrollar m\u00fasculo y quemar grasa simult\u00e1neamente. Durante el volumen muscular, previene la acumulaci\u00f3n de grasa y ayuda a aprovechar los efectos anab\u00f3licos de la insulina para el crecimiento muscular. Durante la definici\u00f3n muscular, aumenta la p\u00e9rdida de grasa y mantiene los m\u00fasculos definidos incluso con una dieta baja en carbohidratos.<\/p>\n<h6>Beneficios del producto:<\/h6>\n<ul>\n<li><strong>Uso de carbohidratos para la absorci\u00f3n muscular<\/strong><\/li>\n<li><strong>Mejorar la sensibilidad a la insulina muscular<\/strong><\/li>\n<li><strong>Lucha contra el consumo elevado de glucosa<\/strong><\/li>\n<li><strong>Aumentar la producci\u00f3n de \u00f3xido n\u00edtrico y proporcionar una hoja de ruta para la bomba<\/strong><\/li>\n<\/ul>\n<h6>La ciencia detr\u00e1s de la f\u00f3rmula:<\/h6>\n<ul>\n<li><strong>Berberina:<\/strong> Aumenta la sensibilidad a la insulina, lo que permite que esta distribuya mejor los carbohidratos y las prote\u00ednas en el m\u00fasculo. La berberina es un potente activador de la distribuci\u00f3n de la glucosa y es tan eficaz como muchos f\u00e1rmacos utilizados para la diabetes.<\/li>\n<li><strong>Canela:<\/strong> Act\u00faa como un mim\u00e9tico de insulina y al mismo tiempo mejora la acci\u00f3n de la insulina.<\/li>\n<li><strong>\u00c1cido alfa lipoico:<\/strong> Aumenta el flujo sangu\u00edneo para que puedan llegar m\u00e1s nutrientes a los m\u00fasculos.<\/li>\n<li><strong>Cromo:<\/strong> Un oligoelemento esencial para un funcionamiento \u00f3ptimo. Ayuda a modular la glucemia al mejorar la actividad de la insulina.<\/li>\n<\/ul>\n<p><a href=\"https:\/\/marvelousnutrition.com\/wp-content\/uploads\/2025\/11\/recharge-gadwel-scaled.png\"><img decoding=\"async\" class=\"alignnone size-medium wp-image-6365\" src=\"https:\/\/marvelousnutrition.com\/wp-content\/uploads\/2025\/11\/recharge-gadwel-300x137.png\" alt=\"\" width=\"300\" height=\"137\" srcset=\"https:\/\/marvelousnutrition.com\/wp-content\/uploads\/2025\/11\/recharge-gadwel-300x137.png 300w, https:\/\/marvelousnutrition.com\/wp-content\/uploads\/2025\/11\/recharge-gadwel-1024x469.png 1024w, https:\/\/marvelousnutrition.com\/wp-content\/uploads\/2025\/11\/recharge-gadwel-768x351.png 768w, https:\/\/marvelousnutrition.com\/wp-content\/uploads\/2025\/11\/recharge-gadwel-1536x703.png 1536w, https:\/\/marvelousnutrition.com\/wp-content\/uploads\/2025\/11\/recharge-gadwel-2048x937.png 2048w, https:\/\/marvelousnutrition.com\/wp-content\/uploads\/2025\/11\/recharge-gadwel-18x8.png 18w, https:\/\/marvelousnutrition.com\/wp-content\/uploads\/2025\/11\/recharge-gadwel-1650x760.png 1650w, https:\/\/marvelousnutrition.com\/wp-content\/uploads\/2025\/11\/recharge-gadwel-800x366.png 800w\" sizes=\"(max-width: 300px) 100vw, 300px\" \/><\/a><\/p>","protected":false},"excerpt":{"rendered":"<p>\u00a1Aumenta tu volumen, limpia y adelgaza!<\/p>\n<p>Recharge es una f\u00f3rmula \u00fanica de ingredientes cient\u00edficamente probados que imitan la insulina, un agente de eliminaci\u00f3n de glucosa de alta gama GDA creado para ayudar a convertir la ingesta de carbohidratos para ayudar a desarrollar m\u00fasculo en lugar de almacenarse como grasa corporal. La insulina es una hormona poderosa tanto para el desarrollo muscular como para la p\u00e9rdida de grasa.<\/p>","protected":false},"featured_media":6223,"comment_status":"closed","ping_status":"closed","template":"","meta":[],"product_cat":[204,205,199],"product_tag":[202],"class_list":{"0":"post-5692","1":"product","2":"type-product","3":"status-publish","4":"has-post-thumbnail","6":"product_cat-fat-burners-and-diuretics","7":"product_cat-insulin-and-growth-hormone-boosters","8":"product_cat-marvelous-originals","9":"product_tag-top-selling","11":"first","12":"instock","13":"shipping-taxable","14":"purchasable","15":"product-type-simple"},"_links":{"self":[{"href":"https:\/\/marvelousnutrition.com\/es\/wp-json\/wp\/v2\/product\/5692","targetHints":{"allow":["GET"]}}],"collection":[{"href":"https:\/\/marvelousnutrition.com\/es\/wp-json\/wp\/v2\/product"}],"about":[{"href":"https:\/\/marvelousnutrition.com\/es\/wp-json\/wp\/v2\/types\/product"}],"replies":[{"embeddable":true,"href":"https:\/\/marvelousnutrition.com\/es\/wp-json\/wp\/v2\/comments?post=5692"}],"wp:featuredmedia":[{"embeddable":true,"href":"https:\/\/marvelousnutrition.com\/es\/wp-json\/wp\/v2\/media\/6223"}],"wp:attachment":[{"href":"https:\/\/marvelousnutrition.com\/es\/wp-json\/wp\/v2\/media?parent=5692"}],"wp:term":[{"taxonomy":"product_cat","embeddable":true,"href":"https:\/\/marvelousnutrition.com\/es\/wp-json\/wp\/v2\/product_cat?post=5692"},{"taxonomy":"product_tag","embeddable":true,"href":"https:\/\/marvelousnutrition.com\/es\/wp-json\/wp\/v2\/product_tag?post=5692"}],"curies":[{"name":"wp","href":"https:\/\/api.w.org\/{rel}","templated":true}]}}