{"id":5643,"date":"2025-11-05T05:32:27","date_gmt":"2025-11-05T05:32:27","guid":{"rendered":"https:\/\/marvelousnutrition.com\/?post_type=product&#038;p=5643"},"modified":"2026-03-16T20:11:30","modified_gmt":"2026-03-16T20:11:30","slug":"amputation","status":"publish","type":"product","link":"https:\/\/marvelousnutrition.com\/es\/producto\/amputacion\/","title":{"rendered":"Amputaci\u00f3n"},"content":{"rendered":"<h6>Introducci\u00f3n del producto:<\/h6>\n<p>Transforma tu f\u00edsico y si\u00e9ntete como un superh\u00e9roe con <strong>Amputaci\u00f3n<\/strong> \u2014 una poderosa f\u00f3rmula para quemar grasas dise\u00f1ada para remodelar tu cuerpo y preservar la masa muscular magra.<\/p>\n<p>La amputaci\u00f3n se caracteriza por: <strong>Mezcla compleja de ingredientes puros de grado ultrafarmac\u00e9utico<\/strong> que potencian los niveles de energ\u00eda del cuerpo, ayudando a eliminar grasa, eliminar el exceso de agua y reducir el estr\u00f3geno, todo sin sacrificar la masa muscular.<\/p>\n<p>Esta f\u00f3rmula avanzada ataca la grasa a trav\u00e9s de m\u00faltiples v\u00edas, asegurando que tu cuerpo queme la grasa almacenada de forma constante y eliminando la retenci\u00f3n de l\u00edquidos no deseada. Al elevar la temperatura corporal central, Amputation promueve la termog\u00e9nesis, ayud\u00e1ndote a quemar calor\u00edas y sudar intensamente durante cada entrenamiento.<\/p>\n<p>Enriquecido con una potente mezcla de <strong>superhierbas<\/strong> y <strong>ALCAR (Acetil L-Carnitina)<\/strong>, La amputaci\u00f3n mejora el metabolismo de las grasas, aumenta la resistencia y favorece transformaciones f\u00edsicas impresionantes al garantizar que su energ\u00eda se derive de manera eficiente de las reservas de grasa.<\/p>\n<h6>Beneficios del producto:<\/h6>\n<p>La f\u00f3rmula \u00fanica contribuye a:<\/p>\n<ul>\n<li><strong>Aumento del metabolismo<\/strong><\/li>\n<li><strong>niveles equilibrados de cortisol<\/strong><\/li>\n<li><strong>Mayor energ\u00eda y concentraci\u00f3n<\/strong><\/li>\n<li><strong>Mejora del rendimiento tiroideo<\/strong><\/li>\n<li><strong>Reducci\u00f3n del exceso de agua corporal<a href=\"https:\/\/marvelousnutrition.com\/wp-content\/uploads\/2025\/11\/amputaion-gadwal.png\"><img fetchpriority=\"high\" decoding=\"async\" class=\"alignnone size-medium wp-image-6387\" src=\"https:\/\/marvelousnutrition.com\/wp-content\/uploads\/2025\/11\/amputaion-gadwal-300x186.png\" alt=\"\" width=\"300\" height=\"186\" srcset=\"https:\/\/marvelousnutrition.com\/wp-content\/uploads\/2025\/11\/amputaion-gadwal-300x186.png 300w, https:\/\/marvelousnutrition.com\/wp-content\/uploads\/2025\/11\/amputaion-gadwal-1024x635.png 1024w, https:\/\/marvelousnutrition.com\/wp-content\/uploads\/2025\/11\/amputaion-gadwal-768x476.png 768w, https:\/\/marvelousnutrition.com\/wp-content\/uploads\/2025\/11\/amputaion-gadwal-1536x952.png 1536w, https:\/\/marvelousnutrition.com\/wp-content\/uploads\/2025\/11\/amputaion-gadwal-18x12.png 18w, https:\/\/marvelousnutrition.com\/wp-content\/uploads\/2025\/11\/amputaion-gadwal-800x496.png 800w, https:\/\/marvelousnutrition.com\/wp-content\/uploads\/2025\/11\/amputaion-gadwal.png 1799w\" sizes=\"(max-width: 300px) 100vw, 300px\" \/><\/a><\/strong><\/li>\n<\/ul>","protected":false},"excerpt":{"rendered":"<p>Quemar\u00e1s el exceso de grasa y remodelar\u00e1s tu cuerpo haci\u00e9ndote sentir como un superh\u00e9roe.<\/p>\n<p>Amputation presenta una mezcla compleja de ingredientes puros de grado ultra farmac\u00e9utico que aumentan la energ\u00eda del cuerpo y eliminan la grasa, el agua y el estr\u00f3geno sin p\u00e9rdida muscular.<\/p>","protected":false},"featured_media":6222,"comment_status":"closed","ping_status":"closed","template":"","meta":[],"product_cat":[204,199],"product_tag":[202],"class_list":{"0":"post-5643","1":"product","2":"type-product","3":"status-publish","4":"has-post-thumbnail","6":"product_cat-fat-burners-and-diuretics","7":"product_cat-marvelous-originals","8":"product_tag-top-selling","10":"first","11":"instock","12":"shipping-taxable","13":"purchasable","14":"product-type-simple"},"_links":{"self":[{"href":"https:\/\/marvelousnutrition.com\/es\/wp-json\/wp\/v2\/product\/5643","targetHints":{"allow":["GET"]}}],"collection":[{"href":"https:\/\/marvelousnutrition.com\/es\/wp-json\/wp\/v2\/product"}],"about":[{"href":"https:\/\/marvelousnutrition.com\/es\/wp-json\/wp\/v2\/types\/product"}],"replies":[{"embeddable":true,"href":"https:\/\/marvelousnutrition.com\/es\/wp-json\/wp\/v2\/comments?post=5643"}],"wp:featuredmedia":[{"embeddable":true,"href":"https:\/\/marvelousnutrition.com\/es\/wp-json\/wp\/v2\/media\/6222"}],"wp:attachment":[{"href":"https:\/\/marvelousnutrition.com\/es\/wp-json\/wp\/v2\/media?parent=5643"}],"wp:term":[{"taxonomy":"product_cat","embeddable":true,"href":"https:\/\/marvelousnutrition.com\/es\/wp-json\/wp\/v2\/product_cat?post=5643"},{"taxonomy":"product_tag","embeddable":true,"href":"https:\/\/marvelousnutrition.com\/es\/wp-json\/wp\/v2\/product_tag?post=5643"}],"curies":[{"name":"wp","href":"https:\/\/api.w.org\/{rel}","templated":true}]}}