{"id":5642,"date":"2025-11-05T05:32:27","date_gmt":"2025-11-05T05:32:27","guid":{"rendered":"https:\/\/marvelousnutrition.com\/?post_type=product&#038;p=5642"},"modified":"2026-03-15T23:55:32","modified_gmt":"2026-03-15T23:55:32","slug":"bulk","status":"publish","type":"product","link":"https:\/\/marvelousnutrition.com\/es\/producto\/a-granel\/","title":{"rendered":"A granel"},"content":{"rendered":"<h6>Introducci\u00f3n del producto:<\/h6>\n<p>Bulk es tu activador de masa magra.<\/p>\n<p>No todas las prote\u00ednas son iguales: elige siempre la mejor. <strong>Maravilloso Nutrici\u00f3n<\/strong>, solo usamos <strong>Aislado de prote\u00edna de suero<\/strong> Porque creemos que es la mejor opci\u00f3n para nuestros Atletas Superhumanos.<\/p>\n<p>Bulk Iso-Whey es un aislado de prote\u00edna de suero de leche de alto valor biol\u00f3gico que es <strong>Sin lactosa, sin gluten y sin aspartamo<\/strong>. Cada porci\u00f3n aporta <strong>26,34 gramos de prote\u00edna premium<\/strong>.<\/p>\n<p>Est\u00e1 hecho de <strong>Aislado de prote\u00edna de suero puro, ultrafiltrado y alimentado con pasto<\/strong> Para garantizar que no contenga hormonas ni antibi\u00f3ticos, lo que se refleja directamente en su salud general. El aislado de prote\u00edna de suero se absorbe r\u00e1pidamente, lo que hace que su alto contenido de... <strong>BCAA<\/strong> Inmediatamente disponible para sus m\u00fasculos para un mejor crecimiento y reparaci\u00f3n.<\/p>\n<p>Es rico en <strong>lactoferrina, \u03b1-lactoalb\u00famina, BCAA,<\/strong> y <strong>amino\u00e1cidos esenciales<\/strong>, lo que garantiza una mayor retenci\u00f3n de nitr\u00f3geno y una mayor absorci\u00f3n de prote\u00ednas en comparaci\u00f3n con fuentes de prote\u00ednas inferiores.<\/p>\n<p>Dise\u00f1ada para atletas y culturistas de todos los niveles, esta prote\u00edna se puede consumir en cualquier momento del d\u00eda. Con su <strong>sabor maravilloso<\/strong> y <strong>f\u00f3rmula f\u00e1cil de mezclar<\/strong>, Bulk Iso-Whey lleva tus objetivos de fitness al siguiente nivel.<\/p>\n<p>Este es el <strong>La mejor opci\u00f3n de prote\u00ednas<\/strong> Para deportistas que buscan los m\u00e1ximos resultados.<\/p>\n<h6>Beneficios del producto:<\/h6>\n<ul>\n<li><strong>Prote\u00edna de suero de leche de alto valor biol\u00f3gico<\/strong><\/li>\n<li><strong>Sabor maravilloso<\/strong><\/li>\n<li><strong>Cero grasas, cero carbohidratos, cero az\u00facares a\u00f1adidos.<\/strong><\/li>\n<li><strong>Sin colorantes artificiales<\/strong><\/li>\n<li><strong>Sin gluten ni aspartamo<\/strong><\/li>\n<\/ul>\n<h6>La ciencia detr\u00e1s de la f\u00f3rmula:<\/h6>\n<p>El aislado de prote\u00edna de suero es una forma superior de prote\u00edna, que se absorbe mejor que los concentrados o las mezclas. Utilizamos... <strong>proceso de microfiltraci\u00f3n de flujo cruzado<\/strong> Durante la fabricaci\u00f3n, se optimiza la pureza y se eliminan grasas no deseadas, colesterol y lactosa. Este proceso garantiza <strong>Mejor digesti\u00f3n, absorci\u00f3n m\u00e1s r\u00e1pida y recuperaci\u00f3n muscular \u00f3ptima.<\/strong>.<\/p>\n<p><a href=\"https:\/\/marvelousnutrition.com\/wp-content\/uploads\/2025\/11\/bulk-1-gadwel-scaled.png\"><img fetchpriority=\"high\" decoding=\"async\" class=\"alignnone size-medium wp-image-6369\" src=\"https:\/\/marvelousnutrition.com\/wp-content\/uploads\/2025\/11\/bulk-1-gadwel-300x176.png\" alt=\"\" width=\"300\" height=\"176\" srcset=\"https:\/\/marvelousnutrition.com\/wp-content\/uploads\/2025\/11\/bulk-1-gadwel-300x176.png 300w, https:\/\/marvelousnutrition.com\/wp-content\/uploads\/2025\/11\/bulk-1-gadwel-1024x601.png 1024w, https:\/\/marvelousnutrition.com\/wp-content\/uploads\/2025\/11\/bulk-1-gadwel-768x451.png 768w, https:\/\/marvelousnutrition.com\/wp-content\/uploads\/2025\/11\/bulk-1-gadwel-1536x902.png 1536w, https:\/\/marvelousnutrition.com\/wp-content\/uploads\/2025\/11\/bulk-1-gadwel-2048x1203.png 2048w, https:\/\/marvelousnutrition.com\/wp-content\/uploads\/2025\/11\/bulk-1-gadwel-18x12.png 18w, https:\/\/marvelousnutrition.com\/wp-content\/uploads\/2025\/11\/bulk-1-gadwel-800x470.png 800w\" sizes=\"(max-width: 300px) 100vw, 300px\" \/><\/a> <a href=\"https:\/\/marvelousnutrition.com\/wp-content\/uploads\/2025\/11\/bulk-2-gadwel-scaled.png\"><img decoding=\"async\" class=\"alignnone size-medium wp-image-6370\" src=\"https:\/\/marvelousnutrition.com\/wp-content\/uploads\/2025\/11\/bulk-2-gadwel-141x300.png\" alt=\"\" width=\"141\" height=\"300\" srcset=\"https:\/\/marvelousnutrition.com\/wp-content\/uploads\/2025\/11\/bulk-2-gadwel-141x300.png 141w, https:\/\/marvelousnutrition.com\/wp-content\/uploads\/2025\/11\/bulk-2-gadwel-481x1024.png 481w, https:\/\/marvelousnutrition.com\/wp-content\/uploads\/2025\/11\/bulk-2-gadwel-768x1635.png 768w, https:\/\/marvelousnutrition.com\/wp-content\/uploads\/2025\/11\/bulk-2-gadwel-721x1536.png 721w, https:\/\/marvelousnutrition.com\/wp-content\/uploads\/2025\/11\/bulk-2-gadwel-962x2048.png 962w, https:\/\/marvelousnutrition.com\/wp-content\/uploads\/2025\/11\/bulk-2-gadwel-6x12.png 6w, https:\/\/marvelousnutrition.com\/wp-content\/uploads\/2025\/11\/bulk-2-gadwel-800x1703.png 800w, https:\/\/marvelousnutrition.com\/wp-content\/uploads\/2025\/11\/bulk-2-gadwel-scaled.png 1202w\" sizes=\"(max-width: 141px) 100vw, 141px\" \/><\/a><\/p>","protected":false},"excerpt":{"rendered":"<p>Bulk es tu activador de masa magra.<br \/>\nNo todas las prote\u00ednas son iguales, elige siempre la mejor. En Marvelous Nutrition solo utilizamos aislado de prote\u00edna de suero porque creemos que es lo mejor para nuestros atletas superhumanos.<\/p>","protected":false},"featured_media":5876,"comment_status":"closed","ping_status":"closed","template":"","meta":[],"product_cat":[197,199,200],"product_tag":[202],"class_list":{"0":"post-5642","1":"product","2":"type-product","3":"status-publish","4":"has-post-thumbnail","6":"product_cat-all-products","7":"product_cat-marvelous-originals","8":"product_cat-protein-and-eaa","9":"product_tag-top-selling","11":"first","12":"instock","13":"shipping-taxable","14":"purchasable","15":"product-type-variable"},"_links":{"self":[{"href":"https:\/\/marvelousnutrition.com\/es\/wp-json\/wp\/v2\/product\/5642","targetHints":{"allow":["GET"]}}],"collection":[{"href":"https:\/\/marvelousnutrition.com\/es\/wp-json\/wp\/v2\/product"}],"about":[{"href":"https:\/\/marvelousnutrition.com\/es\/wp-json\/wp\/v2\/types\/product"}],"replies":[{"embeddable":true,"href":"https:\/\/marvelousnutrition.com\/es\/wp-json\/wp\/v2\/comments?post=5642"}],"wp:featuredmedia":[{"embeddable":true,"href":"https:\/\/marvelousnutrition.com\/es\/wp-json\/wp\/v2\/media\/5876"}],"wp:attachment":[{"href":"https:\/\/marvelousnutrition.com\/es\/wp-json\/wp\/v2\/media?parent=5642"}],"wp:term":[{"taxonomy":"product_cat","embeddable":true,"href":"https:\/\/marvelousnutrition.com\/es\/wp-json\/wp\/v2\/product_cat?post=5642"},{"taxonomy":"product_tag","embeddable":true,"href":"https:\/\/marvelousnutrition.com\/es\/wp-json\/wp\/v2\/product_tag?post=5642"}],"curies":[{"name":"wp","href":"https:\/\/api.w.org\/{rel}","templated":true}]}}