{"id":5641,"date":"2025-11-05T05:32:27","date_gmt":"2025-11-05T05:32:27","guid":{"rendered":"https:\/\/marvelousnutrition.com\/?post_type=product&#038;p=5641"},"modified":"2026-03-16T20:09:29","modified_gmt":"2026-03-16T20:09:29","slug":"escape","status":"publish","type":"product","link":"https:\/\/marvelousnutrition.com\/es\/producto\/escapar\/","title":{"rendered":"Escapar"},"content":{"rendered":"<h6>Introducci\u00f3n del producto:<\/h6>\n<p>Esc\u00e1pate de un d\u00eda duro y disfruta de un sue\u00f1o profundo que mejora la recuperaci\u00f3n, el sistema inmunitario y el estado de \u00e1nimo. Nada mejora tu estado de \u00e1nimo mejor que un buen sue\u00f1o profundo.<\/p>\n<p>Este producto ofrece una combinaci\u00f3n \u00fanica de amino\u00e1cidos que potencian la hormona del crecimiento (GH), compuestos que reducen el cortisol y el estr\u00e9s, y ZMA para incrementar la hormona del crecimiento y la testosterona, disminuir el estr\u00e9s y el cortisol, y mejorar el sue\u00f1o, la recuperaci\u00f3n y el crecimiento. Est\u00e1 dise\u00f1ado para promover la reparaci\u00f3n del tejido muscular y optimizar el rendimiento deportivo.<\/p>\n<h6>Beneficios del producto:<\/h6>\n<ul>\n<li><strong>Aumentar la producci\u00f3n natural de GH<\/strong><\/li>\n<li><strong>Regulaci\u00f3n del crecimiento muscular y la p\u00e9rdida de grasa.<\/strong><\/li>\n<li><strong>Equilibrar el metabolismo<\/strong><\/li>\n<\/ul>\n<h6>La ciencia detr\u00e1s de la f\u00f3rmula:<\/h6>\n<ul>\n<li><strong>L-Ornitina:<\/strong> Un amino\u00e1cido que regula el ciclo de la urea, ayudando a eliminar el amon\u00edaco t\u00f3xico del cuerpo convirti\u00e9ndolo en urea para su excreci\u00f3n.<\/li>\n<li><strong>L-glicina:<\/strong> El amino\u00e1cido m\u00e1s peque\u00f1o, esencial para la producci\u00f3n de glutati\u00f3n, ADN, creatina, bilis, hemoglobina y prote\u00ednas. Favorece el almacenamiento de gluc\u00f3geno para obtener energ\u00eda y act\u00faa como un neurotransmisor calmante que promueve patrones de sue\u00f1o saludables.<\/li>\n<li><strong>GABA:<\/strong> El \u00e1cido gamma-aminobut\u00edrico funciona como un neurotransmisor en el cerebro, promoviendo la relajaci\u00f3n y aliviando la tensi\u00f3n nerviosa.<\/li>\n<li><strong>Melatonina:<\/strong> Una hormona producida por la gl\u00e1ndula pineal que regula los ciclos de sue\u00f1o-vigilia. La suplementaci\u00f3n con melatonina mejora de forma segura su producci\u00f3n y favorece un sue\u00f1o profundo y reparador, especialmente cuando la exposici\u00f3n a la luz azul inhibe su secreci\u00f3n natural.<\/li>\n<li><strong>ZMA:<\/strong> Una combinaci\u00f3n de zinc, magnesio y vitamina B6 dise\u00f1ada para maximizar la absorci\u00f3n y promover la recuperaci\u00f3n. El zinc favorece el crecimiento celular, la reparaci\u00f3n tisular y el sistema inmunitario. El magnesio mantiene el equilibrio electrol\u00edtico, la producci\u00f3n de energ\u00eda y la funci\u00f3n neuromuscular. La actividad f\u00edsica aumenta la necesidad de estos minerales, lo que hace que el ZMA sea ideal para la reposici\u00f3n.<a href=\"https:\/\/marvelousnutrition.com\/wp-content\/uploads\/2025\/11\/escape-gadwel-scaled.png\"><img decoding=\"async\" class=\"alignnone size-medium wp-image-6386\" src=\"https:\/\/marvelousnutrition.com\/wp-content\/uploads\/2025\/11\/escape-gadwel-300x142.png\" alt=\"\" width=\"300\" height=\"142\" srcset=\"https:\/\/marvelousnutrition.com\/wp-content\/uploads\/2025\/11\/escape-gadwel-300x142.png 300w, https:\/\/marvelousnutrition.com\/wp-content\/uploads\/2025\/11\/escape-gadwel-1024x484.png 1024w, https:\/\/marvelousnutrition.com\/wp-content\/uploads\/2025\/11\/escape-gadwel-768x363.png 768w, https:\/\/marvelousnutrition.com\/wp-content\/uploads\/2025\/11\/escape-gadwel-1536x727.png 1536w, https:\/\/marvelousnutrition.com\/wp-content\/uploads\/2025\/11\/escape-gadwel-2048x969.png 2048w, https:\/\/marvelousnutrition.com\/wp-content\/uploads\/2025\/11\/escape-gadwel-18x9.png 18w, https:\/\/marvelousnutrition.com\/wp-content\/uploads\/2025\/11\/escape-gadwel-800x379.png 800w\" sizes=\"(max-width: 300px) 100vw, 300px\" \/><\/a><\/li>\n<\/ul>","protected":false},"excerpt":{"rendered":"<p>Esc\u00e1pate de un d\u00eda duro a nuevos niveles de sue\u00f1o profundo que aumentan la inmunidad de recuperaci\u00f3n y, finalmente, nada ajusta tu estado de \u00e1nimo mejor que un buen sue\u00f1o profundo.<\/p>\n<p>Este producto te ofrece una combinaci\u00f3n \u00fanica de amino\u00e1cidos que aumentan la GH, reducen el cortisol y el estr\u00e9s, y ZMA. \u00a1Aumenta la hormona del crecimiento y la testosterona! Reduce el estr\u00e9s y el cortisol. Mejora el sue\u00f1o, la recuperaci\u00f3n y el crecimiento muscular.<\/p>","protected":false},"featured_media":5873,"comment_status":"closed","ping_status":"closed","template":"","meta":[],"product_cat":[208,205,199,210],"product_tag":[202],"class_list":{"0":"post-5641","1":"product","2":"type-product","3":"status-publish","4":"has-post-thumbnail","6":"product_cat-health-and-recovery","7":"product_cat-insulin-and-growth-hormone-boosters","8":"product_cat-marvelous-originals","9":"product_cat-multivitamins","10":"product_tag-top-selling","12":"first","13":"outofstock","14":"shipping-taxable","15":"purchasable","16":"product-type-simple"},"_links":{"self":[{"href":"https:\/\/marvelousnutrition.com\/es\/wp-json\/wp\/v2\/product\/5641","targetHints":{"allow":["GET"]}}],"collection":[{"href":"https:\/\/marvelousnutrition.com\/es\/wp-json\/wp\/v2\/product"}],"about":[{"href":"https:\/\/marvelousnutrition.com\/es\/wp-json\/wp\/v2\/types\/product"}],"replies":[{"embeddable":true,"href":"https:\/\/marvelousnutrition.com\/es\/wp-json\/wp\/v2\/comments?post=5641"}],"wp:featuredmedia":[{"embeddable":true,"href":"https:\/\/marvelousnutrition.com\/es\/wp-json\/wp\/v2\/media\/5873"}],"wp:attachment":[{"href":"https:\/\/marvelousnutrition.com\/es\/wp-json\/wp\/v2\/media?parent=5641"}],"wp:term":[{"taxonomy":"product_cat","embeddable":true,"href":"https:\/\/marvelousnutrition.com\/es\/wp-json\/wp\/v2\/product_cat?post=5641"},{"taxonomy":"product_tag","embeddable":true,"href":"https:\/\/marvelousnutrition.com\/es\/wp-json\/wp\/v2\/product_tag?post=5641"}],"curies":[{"name":"wp","href":"https:\/\/api.w.org\/{rel}","templated":true}]}}