{"id":5640,"date":"2025-11-05T05:32:27","date_gmt":"2025-11-05T05:32:27","guid":{"rendered":"https:\/\/marvelousnutrition.com\/?post_type=product&#038;p=5640"},"modified":"2026-03-15T23:54:36","modified_gmt":"2026-03-15T23:54:36","slug":"experiment","status":"publish","type":"product","link":"https:\/\/marvelousnutrition.com\/es\/producto\/experimento\/","title":{"rendered":"Experimento"},"content":{"rendered":"<h6>Introducci\u00f3n del producto:<\/h6>\n<p><strong>Experimento pre-entrenamiento<\/strong> Es el resultado de experimentos de entrenamiento reales, \u00a1no s\u00f3lo pruebas de laboratorio!<br \/>\nExperimente la sensaci\u00f3n de convertirse en un superh\u00e9roe con una mezcla compleja de ingredientes puros de grado ultrafarmac\u00e9utico.<br \/>\nque aumentan la energ\u00eda de tu cuerpo y llevan tus sesiones de entrenamiento a niveles que nunca imaginaste.<\/p>\n<p><strong>Experimento<\/strong> es un pre-entrenamiento completamente dosificado y altamente efectivo que te brinda lo que realmente quieres:<br \/>\n<strong>\u00a1resultados!<\/strong> Mejor a\u00fan, estos resultados se vuelven m\u00e1s fuertes cuanto m\u00e1s lo uses.<br \/>\nRepleta de dosis respaldadas por investigaciones que funcionan sin\u00e9rgicamente, esta f\u00f3rmula impulsa una motivaci\u00f3n extrema.<br \/>\na trav\u00e9s de una poderosa mezcla de estimulantes intensos y agentes avanzados de mejora cognitiva.<\/p>\n<p>La intensa motivaci\u00f3n te lleva al gimnasio y la concentraci\u00f3n extrema te mantiene all\u00ed.<\/p>\n<h6>Beneficios del producto:<\/h6>\n<ul>\n<li><strong>Estimula la producci\u00f3n de \u00f3xido n\u00edtrico.<\/strong><\/li>\n<li><strong>Mejora la energ\u00eda, la potencia y la resistencia.<\/strong><\/li>\n<li><strong>Amplifica el bombeo y la circulaci\u00f3n sangu\u00ednea.<\/strong><\/li>\n<li><strong>Aumenta la concentraci\u00f3n para una fuerte conexi\u00f3n mente-m\u00fasculo.<\/strong><\/li>\n<li><strong>Deliciosos sabores tipo caramelo<\/strong><\/li>\n<\/ul>\n<h6>La ciencia detr\u00e1s de la f\u00f3rmula:<\/h6>\n<ul>\n<li><strong>Malato de citrulina + AAKG:<\/strong><br \/>\n(<em>Mezcla de L-citrulina malato 2:1 y arginina AKG 2:1<\/em>) en una proporci\u00f3n de 2:1<br \/>\nSe ha demostrado que es m\u00e1s eficaz para aumentar los niveles de arginina en sangre.<br \/>\nque cualquiera de los ingredientes por separado. Con una mayor producci\u00f3n de \u00f3xido n\u00edtrico (NO), se mejora el flujo sangu\u00edneo.,<br \/>\nsuministro de ox\u00edgeno y transporte de nutrientes a los m\u00fasculos, optimizando el rendimiento.<br \/>\nInvestigaciones adicionales sobre la L-citrulina sugieren una cin\u00e9tica de VO\u2082 mejorada y una producci\u00f3n de ATP mejorada.,<br \/>\nlo que conduce a una mejor resistencia y al crecimiento de masa muscular magra.<\/li>\n<li><strong>Beta-Alanina:<\/strong><br \/>\nUn poderoso amino\u00e1cido que aumenta la resistencia y el aguante al elevar los niveles de carnosina muscular.<br \/>\nLa carnosina amortigua la acumulaci\u00f3n de \u00e1cido l\u00e1ctico durante el ejercicio intenso, retrasando la fatiga y permitiendo una vida m\u00e1s larga.,<br \/>\nentrenamientos m\u00e1s duros antes de que los m\u00fasculos se cansen.<\/li>\n<li><strong>Bitartrato de colina:<\/strong><br \/>\nUn nutriente esencial crucial para la funci\u00f3n cognitiva, el movimiento muscular y la estructura celular.<br \/>\nEs un precursor clave de la acetilcolina, el &quot;neurotransmisor del aprendizaje&quot; que mejora la concentraci\u00f3n, la memoria,<br \/>\ny la conexi\u00f3n mente-m\u00fasculo. La suplementaci\u00f3n favorece niveles \u00f3ptimos de acetilcolina para una mayor concentraci\u00f3n en el entrenamiento.<\/li>\n<li><strong>Cafe\u00edna:<\/strong><br \/>\nUn estimulante conocido que aumenta la energ\u00eda mental, la concentraci\u00f3n y el estado de alerta al mismo tiempo que promueve el metabolismo de las grasas.<br \/>\npara mejorar el rendimiento y la resistencia.<\/li>\n<\/ul>\n<p><a href=\"https:\/\/marvelousnutrition.com\/wp-content\/uploads\/2025\/11\/expermint-gadwel-scaled.png\"><img fetchpriority=\"high\" decoding=\"async\" class=\"alignnone size-medium wp-image-6368\" src=\"https:\/\/marvelousnutrition.com\/wp-content\/uploads\/2025\/11\/expermint-gadwel-300x176.png\" alt=\"\" width=\"300\" height=\"176\" srcset=\"https:\/\/marvelousnutrition.com\/wp-content\/uploads\/2025\/11\/expermint-gadwel-300x176.png 300w, https:\/\/marvelousnutrition.com\/wp-content\/uploads\/2025\/11\/expermint-gadwel-1024x602.png 1024w, https:\/\/marvelousnutrition.com\/wp-content\/uploads\/2025\/11\/expermint-gadwel-768x452.png 768w, https:\/\/marvelousnutrition.com\/wp-content\/uploads\/2025\/11\/expermint-gadwel-1536x903.png 1536w, https:\/\/marvelousnutrition.com\/wp-content\/uploads\/2025\/11\/expermint-gadwel-2048x1204.png 2048w, https:\/\/marvelousnutrition.com\/wp-content\/uploads\/2025\/11\/expermint-gadwel-18x12.png 18w, https:\/\/marvelousnutrition.com\/wp-content\/uploads\/2025\/11\/expermint-gadwel-800x470.png 800w\" sizes=\"(max-width: 300px) 100vw, 300px\" \/><\/a><\/p>","protected":false},"excerpt":{"rendered":"<p>Experiment pre-entrenamiento es el resultado de experimentos de entrenamiento reales, \u00a1no solo de laboratorio! Experimenta la sensaci\u00f3n de ser un superh\u00e9roe. Con una compleja mezcla de ingredientes puros de grado ultrafarmac\u00e9utico que potencian la energ\u00eda del cuerpo y llevar\u00e1n tu sesi\u00f3n de entrenamiento a niveles inimaginables.<\/p>","protected":false},"featured_media":5861,"comment_status":"closed","ping_status":"closed","template":"","meta":[],"product_cat":[199,207],"product_tag":[202],"class_list":{"0":"post-5640","1":"product","2":"type-product","3":"status-publish","4":"has-post-thumbnail","6":"product_cat-marvelous-originals","7":"product_cat-preworkout-and-pump","8":"product_tag-top-selling","10":"first","11":"outofstock","12":"shipping-taxable","13":"product-type-variable"},"_links":{"self":[{"href":"https:\/\/marvelousnutrition.com\/es\/wp-json\/wp\/v2\/product\/5640","targetHints":{"allow":["GET"]}}],"collection":[{"href":"https:\/\/marvelousnutrition.com\/es\/wp-json\/wp\/v2\/product"}],"about":[{"href":"https:\/\/marvelousnutrition.com\/es\/wp-json\/wp\/v2\/types\/product"}],"replies":[{"embeddable":true,"href":"https:\/\/marvelousnutrition.com\/es\/wp-json\/wp\/v2\/comments?post=5640"}],"wp:featuredmedia":[{"embeddable":true,"href":"https:\/\/marvelousnutrition.com\/es\/wp-json\/wp\/v2\/media\/5861"}],"wp:attachment":[{"href":"https:\/\/marvelousnutrition.com\/es\/wp-json\/wp\/v2\/media?parent=5640"}],"wp:term":[{"taxonomy":"product_cat","embeddable":true,"href":"https:\/\/marvelousnutrition.com\/es\/wp-json\/wp\/v2\/product_cat?post=5640"},{"taxonomy":"product_tag","embeddable":true,"href":"https:\/\/marvelousnutrition.com\/es\/wp-json\/wp\/v2\/product_tag?post=5640"}],"curies":[{"name":"wp","href":"https:\/\/api.w.org\/{rel}","templated":true}]}}