{"id":5639,"date":"2025-11-05T05:32:27","date_gmt":"2025-11-05T05:32:27","guid":{"rendered":"https:\/\/marvelousnutrition.com\/?post_type=product&#038;p=5639"},"modified":"2026-03-15T23:53:54","modified_gmt":"2026-03-15T23:53:54","slug":"infected","status":"publish","type":"product","link":"https:\/\/marvelousnutrition.com\/es\/producto\/infectado\/","title":{"rendered":"Infectado"},"content":{"rendered":"<h6>Introducci\u00f3n del producto:<\/h6>\n<p>Nuestro <strong>pre-entrenamiento para el desarrollo muscular sin estimulantes<\/strong> Est\u00e1 repleto de energ\u00eda explosiva y proporciona un bombeo incre\u00edble.<\/p>\n<p>Nada se interpondr\u00e1 en tu camino.<\/p>\n<p>Esta f\u00f3rmula sin estimulantes est\u00e1 elaborada con los mejores ingredientes respaldados cient\u00edficamente y comprobados para promover un mayor crecimiento de masa muscular magra que cualquier otra combinaci\u00f3n en la industria de los suplementos.<\/p>\n<p><strong>Infectado<\/strong> Contiene una mezcla compleja de ingredientes puros de grado ultrafarmac\u00e9utico que mejoran la producci\u00f3n de energ\u00eda y el desarrollo muscular, convirtiendo tus ambiciones de entrenamiento en logros reales.<\/p>\n<h6>Beneficios del producto:<\/h6>\n<ul>\n<li><strong>Aumenta el tama\u00f1o de los m\u00fasculos<\/strong><\/li>\n<li><strong>Maximiza el bombeo muscular<\/strong><\/li>\n<li><strong>Favorece entrenamientos m\u00e1s largos e intensos al retrasar la fatiga.<\/strong><\/li>\n<li><strong>Acelera la recuperaci\u00f3n muscular<\/strong><\/li>\n<li><strong>Puede ayudar a regular los niveles de cortisol.<\/strong><\/li>\n<\/ul>\n<p><a href=\"https:\/\/marvelousnutrition.com\/wp-content\/uploads\/2025\/11\/infected-new--scaled.png\"><img fetchpriority=\"high\" decoding=\"async\" class=\"alignnone size-medium wp-image-6367\" src=\"https:\/\/marvelousnutrition.com\/wp-content\/uploads\/2025\/11\/infected-new--300x171.png\" alt=\"\" width=\"300\" height=\"171\" srcset=\"https:\/\/marvelousnutrition.com\/wp-content\/uploads\/2025\/11\/infected-new--300x171.png 300w, https:\/\/marvelousnutrition.com\/wp-content\/uploads\/2025\/11\/infected-new--1024x583.png 1024w, https:\/\/marvelousnutrition.com\/wp-content\/uploads\/2025\/11\/infected-new--768x438.png 768w, https:\/\/marvelousnutrition.com\/wp-content\/uploads\/2025\/11\/infected-new--1536x875.png 1536w, https:\/\/marvelousnutrition.com\/wp-content\/uploads\/2025\/11\/infected-new--2048x1167.png 2048w, https:\/\/marvelousnutrition.com\/wp-content\/uploads\/2025\/11\/infected-new--18x10.png 18w, https:\/\/marvelousnutrition.com\/wp-content\/uploads\/2025\/11\/infected-new--1060x600.png 1060w, https:\/\/marvelousnutrition.com\/wp-content\/uploads\/2025\/11\/infected-new--800x456.png 800w\" sizes=\"(max-width: 300px) 100vw, 300px\" \/><\/a><\/p>","protected":false},"excerpt":{"rendered":"<p>Nuestro pre-entrenamiento para desarrollar m\u00fasculos sin estimulantes est\u00e1 repleto de energ\u00eda explosiva y un bombeo incre\u00edble.<br \/>\nNada se interpondr\u00e1 en tu camino.<br \/>\nNuestra f\u00f3rmula sin estimulantes est\u00e1 elaborada con los mejores ingredientes que han demostrado aumentar m\u00e1s tejido muscular magro que cualquier otro ingrediente en toda la industria de los suplementos.<\/p>","protected":false},"featured_media":5840,"comment_status":"closed","ping_status":"closed","template":"","meta":[],"product_cat":[199,207],"product_tag":[202],"class_list":{"0":"post-5639","1":"product","2":"type-product","3":"status-publish","4":"has-post-thumbnail","6":"product_cat-marvelous-originals","7":"product_cat-preworkout-and-pump","8":"product_tag-top-selling","10":"first","11":"instock","12":"shipping-taxable","13":"purchasable","14":"product-type-variable"},"_links":{"self":[{"href":"https:\/\/marvelousnutrition.com\/es\/wp-json\/wp\/v2\/product\/5639","targetHints":{"allow":["GET"]}}],"collection":[{"href":"https:\/\/marvelousnutrition.com\/es\/wp-json\/wp\/v2\/product"}],"about":[{"href":"https:\/\/marvelousnutrition.com\/es\/wp-json\/wp\/v2\/types\/product"}],"replies":[{"embeddable":true,"href":"https:\/\/marvelousnutrition.com\/es\/wp-json\/wp\/v2\/comments?post=5639"}],"wp:featuredmedia":[{"embeddable":true,"href":"https:\/\/marvelousnutrition.com\/es\/wp-json\/wp\/v2\/media\/5840"}],"wp:attachment":[{"href":"https:\/\/marvelousnutrition.com\/es\/wp-json\/wp\/v2\/media?parent=5639"}],"wp:term":[{"taxonomy":"product_cat","embeddable":true,"href":"https:\/\/marvelousnutrition.com\/es\/wp-json\/wp\/v2\/product_cat?post=5639"},{"taxonomy":"product_tag","embeddable":true,"href":"https:\/\/marvelousnutrition.com\/es\/wp-json\/wp\/v2\/product_tag?post=5639"}],"curies":[{"name":"wp","href":"https:\/\/api.w.org\/{rel}","templated":true}]}}