{"id":6112,"date":"2025-12-24T17:06:46","date_gmt":"2025-12-24T17:06:46","guid":{"rendered":"https:\/\/marvelousnutrition.com\/?page_id=6112"},"modified":"2025-12-24T17:07:36","modified_gmt":"2025-12-24T17:07:36","slug":"become-a-resellers","status":"publish","type":"page","link":"https:\/\/marvelousnutrition.com\/es\/conviertete-en-revendedor\/","title":{"rendered":"Convi\u00e9rtete en revendedor"},"content":{"rendered":"<div data-elementor-type=\"wp-page\" data-elementor-id=\"6112\" class=\"elementor elementor-6112\">\n\t\t\t\t<div class=\"elementor-element elementor-element-e5a474a e-flex e-con-boxed e-con e-parent\" data-id=\"e5a474a\" data-element_type=\"container\" data-e-type=\"container\">\n\t\t\t\t\t<div class=\"e-con-inner\">\n\t\t\t\t<div class=\"elementor-element elementor-element-b4a3f14 elementor-widget elementor-widget-html\" data-id=\"b4a3f14\" data-element_type=\"widget\" data-e-type=\"widget\" data-widget_type=\"html.default\">\n\t\t\t\t\t<p>\nEn <strong>Maravilloso Nutrici\u00f3n<\/strong>, Estamos ampliando nuestra red e invitando a empresas motivadas, propietarios de gimnasios, minoristas y distribuidores a asociarse con nosotros como revendedores oficiales.\n<\/p>\n\n<p>\nSi busca ofrecer suplementos nutricionales de primera calidad fabricados en Portugal, esta es una oportunidad para hacer crecer su negocio con una marca confiable y de r\u00e1pido crecimiento.\n<\/p>\n\n<hr>\n\n<h3>\u00bfPor qu\u00e9 asociarse con Marvelous Nutrition?<\/h3>\n<ul>\n  <li>Suplementos nutricionales premium fabricados en Portugal<\/li>\n  <li>Ingredientes de alta calidad y estrictos est\u00e1ndares de calidad.<\/li>\n  <li>Fuerte identidad de marca y creciente demanda del mercado<\/li>\n  <li>Precios mayoristas competitivos y m\u00e1rgenes atractivos<\/li>\n  <li>Suministro confiable y soporte profesional<\/li>\n<\/ul>\n\n<hr>\n\n<h3>\u00bfQui\u00e9n puede convertirse en revendedor?<\/h3>\n<p>\nAceptamos solicitudes de:\n<\/p>\n<ul>\n  <li>Tiendas y minoristas de suplementos<\/li>\n  <li>Propietarios de gimnasios y centros de fitness<\/li>\n  <li>Vendedores en l\u00ednea y empresas de comercio electr\u00f3nico<\/li>\n  <li>Profesionales de la salud y consultores de nutrici\u00f3n<\/li>\n  <li>Distribuidores en Portugal, Espa\u00f1a y Europa<\/li>\n<\/ul>\n\n<hr>\n\n<h3>Lo que esperamos de nuestros distribuidores<\/h3>\n<ul>\n  <li>Compromiso de promover la marca Marvelous Nutrition de manera profesional<\/li>\n  <li>Cumplimiento de las leyes y regulaciones locales<\/li>\n  <li>Marketing \u00e9tico y pr\u00e1cticas comerciales transparentes<\/li>\n  <li>Respeto por las directrices de la marca y la estructura de precios.<\/li>\n<\/ul>\n\n<hr>\n\n<h3>Lo que obtienes como distribuidor oficial<\/h3>\n<ul>\n  <li>Acceso a precios mayoristas<\/li>\n  <li>Informaci\u00f3n de productos y soporte de marketing<\/li>\n  <li>Procesamiento de pedidos prioritarios<\/li>\n  <li>Oportunidades de asociaci\u00f3n a largo plazo<\/li>\n<\/ul>\n\n<hr>\n\n<h3>C\u00f3mo aplicar<\/h3>\n<p>\nPara solicitar ser revendedor, complete el formulario a continuaci\u00f3n con la informaci\u00f3n comercial exacta. Nuestro equipo revisar\u00e1 su solicitud y se pondr\u00e1 en contacto con usted en unos d\u00edas h\u00e1biles.\n<\/p>\n\n<p>\nEnviar el formulario no garantiza la aprobaci\u00f3n. Marvelous Nutrition se reserva el derecho de aprobar o rechazar cualquier solicitud de revendedor.\n<\/p>\n\n<hr>\n\n<h3>Nota importante<\/h3>\n<p>\nTodas las asociaciones de revendedores est\u00e1n sujetas a t\u00e9rminos y acuerdos mayoristas independientes. Se proporcionar\u00e1n m\u00e1s detalles tras la revisi\u00f3n y aprobaci\u00f3n de la solicitud.\n<\/p>\n\n<hr>\n\n<p>\n<strong>Maravilloso Nutrici\u00f3n<\/strong><br>\nNutrici\u00f3n premium. Fabricado en Portugal. Env\u00edos a toda Europa.\n<\/p>\n\t\t\t\t<\/div>\n\t\t\t\t\t<\/div>\n\t\t\t\t<\/div>\n\t\t\t\t<\/div>","protected":false},"excerpt":{"rendered":"<p>At Marvelous Nutrition, we are expanding our network and inviting motivated businesses, gym owners, retailers, and distributors to partner with us as official resellers. If you are looking to offer premium-quality nutritional supplements manufactured in Portugal, this is an opportunity to grow your business with a trusted and fast-growing brand. Why Partner With Marvelous Nutrition? [&hellip;]<\/p>\n","protected":false},"author":1,"featured_media":0,"parent":0,"menu_order":0,"comment_status":"closed","ping_status":"closed","template":"","meta":{"footnotes":""},"class_list":["post-6112","page","type-page","status-publish","hentry"],"_links":{"self":[{"href":"https:\/\/marvelousnutrition.com\/es\/wp-json\/wp\/v2\/pages\/6112","targetHints":{"allow":["GET"]}}],"collection":[{"href":"https:\/\/marvelousnutrition.com\/es\/wp-json\/wp\/v2\/pages"}],"about":[{"href":"https:\/\/marvelousnutrition.com\/es\/wp-json\/wp\/v2\/types\/page"}],"author":[{"embeddable":true,"href":"https:\/\/marvelousnutrition.com\/es\/wp-json\/wp\/v2\/users\/1"}],"replies":[{"embeddable":true,"href":"https:\/\/marvelousnutrition.com\/es\/wp-json\/wp\/v2\/comments?post=6112"}],"version-history":[{"count":4,"href":"https:\/\/marvelousnutrition.com\/es\/wp-json\/wp\/v2\/pages\/6112\/revisions"}],"predecessor-version":[{"id":6116,"href":"https:\/\/marvelousnutrition.com\/es\/wp-json\/wp\/v2\/pages\/6112\/revisions\/6116"}],"wp:attachment":[{"href":"https:\/\/marvelousnutrition.com\/es\/wp-json\/wp\/v2\/media?parent=6112"}],"curies":[{"name":"wp","href":"https:\/\/api.w.org\/{rel}","templated":true}]}}